{"id":2214,"date":"2022-08-16T15:23:37","date_gmt":"2022-08-16T13:23:37","guid":{"rendered":"http:\/\/www.nextpool.com\/gleichstellungsindex-maenner-frauen\/"},"modified":"2024-06-03T13:45:22","modified_gmt":"2024-06-03T11:45:22","slug":"gleichstellungsindex-maenner-frauen","status":"publish","type":"page","link":"https:\/\/ws2-test3.nextpool.com\/de\/gleichstellungsindex-maenner-frauen\/","title":{"rendered":"Gleichstellungsindex M\u00e4nner\/Frauen"},"content":{"rendered":"<div class=\"wpb-content-wrapper\"><p>[vc_row full_width=&#8220;stretch_row&#8220; background_img=&#8220;735&#8243; el_id=&#8220;ban_inte&#8220;][vc_column]<div class=\"text-bloc\"><h1 class=\"titre_1_blanc\" style=\"text-align: center;\">Gleichstellungsindex M\u00e4nner\/Frauen<\/h1>\n<\/div><div class=\"text-bloc breadcrumb\"><span><span><a href=\"https:\/\/ws2-test3.nextpool.com\/de\/\">Home<\/a><\/span><\/span>\n<\/div>[\/vc_column][\/vc_row][vc_row][vc_column]<div class=\"text-bloc liste_puce\"><p class=\"titre_4\">Jedes Jahr berechnet die Nextpool-Gruppe unser Ergebnis in Bezug auf die Lohngerechtigkeit und berichtet dar\u00fcber.<\/p>\n<p>Dieser Index, der 100 Punkte umfasst, wird mit vier Indikatoren berechnet, die das Lohngef\u00e4lle zwischen Frauen und M\u00e4nnern bewerten:<\/p>\n<ul>\n<li>Das Lohngef\u00e4lle zwischen Frauen und M\u00e4nnern,<\/li>\n<li>Die Verteilungsl\u00fccke bei individuellen Erh\u00f6hungen,<\/li>\n<li>Die Anzahl der Arbeitnehmerinnen, die nach ihrer R\u00fcckkehr aus dem Mutterschaftsurlaub von einer Lohnerh\u00f6hung profitierten,<\/li>\n<li>Parit\u00e4t unter den zehn h\u00f6chsten Geh\u00e4ltern.<\/li>\n<\/ul>\n<p>Im Jahr 2022 lag der Index :<\/p>\n<ul>\n<li>der Albig\u00e8s bei 80 \/ 100,<\/li>\n<li>der ASPOOL bei 94 \/ 100,<\/li>\n<li>der Albon bei 90 \/ 100,<\/li>\n<\/ul>\n<p><span class=\"couleur_vertdeau\"><strong>Dieses Ergebnis zeugt vom Engagement der Nextpool-Gruppe f\u00fcr die Gleichstellung von Mann und Frau und von den Werten, die das Unternehmen tr\u00e4gt und t\u00e4glich pflegt.<\/strong><\/span><\/p>\n<\/div>[\/vc_column][\/vc_row]<\/p>\n<\/div>","protected":false},"excerpt":{"rendered":"<p>[vc_row full_width=&#8220;stretch_row&#8220; background_img=&#8220;735&#8243; el_id=&#8220;ban_inte&#8220;][vc_column][\/vc_column][\/vc_row][vc_row][vc_column][\/vc_column][\/vc_row]<\/p>\n","protected":false},"author":2,"featured_media":0,"parent":0,"menu_order":0,"comment_status":"closed","ping_status":"closed","template":"","meta":{"_acf_changed":false,"footnotes":""},"class_list":["post-2214","page","type-page","status-publish","hentry"],"acf":[],"yoast_head":"<!-- This site is optimized with the Yoast SEO plugin v24.4 - https:\/\/yoast.com\/wordpress\/plugins\/seo\/ -->\n<title>Gleichstellungsindex M\u00e4nner\/Frauen - Nextpool<\/title>\n<meta name=\"robots\" content=\"noindex, follow, max-snippet:-1, max-image-preview:large, max-video-preview:-1\" \/>\n<meta property=\"og:locale\" content=\"de_DE\" \/>\n<meta property=\"og:type\" content=\"article\" \/>\n<meta property=\"og:title\" content=\"Gleichstellungsindex M\u00e4nner\/Frauen - Nextpool\" \/>\n<meta property=\"og:description\" content=\"[vc_row full_width=&#8220;stretch_row&#8220; background_img=&#8220;735&#8243; el_id=&#8220;ban_inte&#8220;][vc_column][\/vc_column][\/vc_row][vc_row][vc_column][\/vc_column][\/vc_row]\" \/>\n<meta property=\"og:url\" content=\"https:\/\/ws2-test3.nextpool.com\/de\/gleichstellungsindex-maenner-frauen\/\" \/>\n<meta property=\"og:site_name\" content=\"Nextpool\" \/>\n<meta property=\"article:publisher\" content=\"https:\/\/www.facebook.com\/Nextpool\/\" \/>\n<meta property=\"article:modified_time\" content=\"2024-06-03T11:45:22+00:00\" \/>\n<meta name=\"twitter:card\" content=\"summary_large_image\" \/>\n<meta name=\"twitter:label1\" content=\"Gesch\u00e4tzte Lesezeit\" \/>\n\t<meta name=\"twitter:data1\" content=\"1\u00a0Minute\" \/>\n<script type=\"application\/ld+json\" class=\"yoast-schema-graph\">{\"@context\":\"https:\/\/schema.org\",\"@graph\":[{\"@type\":\"WebPage\",\"@id\":\"https:\/\/ws2-test3.nextpool.com\/de\/gleichstellungsindex-maenner-frauen\/\",\"url\":\"https:\/\/ws2-test3.nextpool.com\/de\/gleichstellungsindex-maenner-frauen\/\",\"name\":\"Gleichstellungsindex M\u00e4nner\/Frauen - Nextpool\",\"isPartOf\":{\"@id\":\"https:\/\/ws2-test3.nextpool.com\/de\/#website\"},\"datePublished\":\"2022-08-16T13:23:37+00:00\",\"dateModified\":\"2024-06-03T11:45:22+00:00\",\"breadcrumb\":{\"@id\":\"https:\/\/ws2-test3.nextpool.com\/de\/gleichstellungsindex-maenner-frauen\/#breadcrumb\"},\"inLanguage\":\"de\",\"potentialAction\":[{\"@type\":\"ReadAction\",\"target\":[\"https:\/\/ws2-test3.nextpool.com\/de\/gleichstellungsindex-maenner-frauen\/\"]}]},{\"@type\":\"BreadcrumbList\",\"@id\":\"https:\/\/ws2-test3.nextpool.com\/de\/gleichstellungsindex-maenner-frauen\/#breadcrumb\",\"itemListElement\":[{\"@type\":\"ListItem\",\"position\":1,\"name\":\"Home\",\"item\":\"https:\/\/ws2-test3.nextpool.com\/de\/\"},{\"@type\":\"ListItem\",\"position\":2,\"name\":\"Gleichstellungsindex M\u00e4nner\/Frauen\"}]},{\"@type\":\"WebSite\",\"@id\":\"https:\/\/ws2-test3.nextpool.com\/de\/#website\",\"url\":\"https:\/\/ws2-test3.nextpool.com\/de\/\",\"name\":\"Nextpool\",\"description\":\"Nextpool\",\"publisher\":{\"@id\":\"https:\/\/ws2-test3.nextpool.com\/de\/#organization\"},\"potentialAction\":[{\"@type\":\"SearchAction\",\"target\":{\"@type\":\"EntryPoint\",\"urlTemplate\":\"https:\/\/ws2-test3.nextpool.com\/de\/?s={search_term_string}\"},\"query-input\":{\"@type\":\"PropertyValueSpecification\",\"valueRequired\":true,\"valueName\":\"search_term_string\"}}],\"inLanguage\":\"de\"},{\"@type\":\"Organization\",\"@id\":\"https:\/\/ws2-test3.nextpool.com\/de\/#organization\",\"name\":\"Nextpool\",\"url\":\"https:\/\/ws2-test3.nextpool.com\/de\/\",\"logo\":{\"@type\":\"ImageObject\",\"inLanguage\":\"de\",\"@id\":\"https:\/\/ws2-test3.nextpool.com\/de\/#\/schema\/logo\/image\/\",\"url\":\"https:\/\/www.nextpool.com\/wp-content\/uploads\/2023\/10\/logo-nextpool-group-noir.png\",\"contentUrl\":\"https:\/\/www.nextpool.com\/wp-content\/uploads\/2023\/10\/logo-nextpool-group-noir.png\",\"width\":3505,\"height\":1191,\"caption\":\"Nextpool\"},\"image\":{\"@id\":\"https:\/\/ws2-test3.nextpool.com\/de\/#\/schema\/logo\/image\/\"},\"sameAs\":[\"https:\/\/www.facebook.com\/Nextpool\/\",\"https:\/\/www.linkedin.com\/company\/nextpool-group\"]}]}<\/script>\n<!-- \/ Yoast SEO plugin. -->","yoast_head_json":{"title":"Gleichstellungsindex M\u00e4nner\/Frauen - Nextpool","robots":{"index":"noindex","follow":"follow","max-snippet":"max-snippet:-1","max-image-preview":"max-image-preview:large","max-video-preview":"max-video-preview:-1"},"og_locale":"de_DE","og_type":"article","og_title":"Gleichstellungsindex M\u00e4nner\/Frauen - Nextpool","og_description":"[vc_row full_width=&#8220;stretch_row&#8220; background_img=&#8220;735&#8243; el_id=&#8220;ban_inte&#8220;][vc_column][\/vc_column][\/vc_row][vc_row][vc_column][\/vc_column][\/vc_row]","og_url":"https:\/\/ws2-test3.nextpool.com\/de\/gleichstellungsindex-maenner-frauen\/","og_site_name":"Nextpool","article_publisher":"https:\/\/www.facebook.com\/Nextpool\/","article_modified_time":"2024-06-03T11:45:22+00:00","twitter_card":"summary_large_image","twitter_misc":{"Gesch\u00e4tzte Lesezeit":"1\u00a0Minute"},"schema":{"@context":"https:\/\/schema.org","@graph":[{"@type":"WebPage","@id":"https:\/\/ws2-test3.nextpool.com\/de\/gleichstellungsindex-maenner-frauen\/","url":"https:\/\/ws2-test3.nextpool.com\/de\/gleichstellungsindex-maenner-frauen\/","name":"Gleichstellungsindex M\u00e4nner\/Frauen - Nextpool","isPartOf":{"@id":"https:\/\/ws2-test3.nextpool.com\/de\/#website"},"datePublished":"2022-08-16T13:23:37+00:00","dateModified":"2024-06-03T11:45:22+00:00","breadcrumb":{"@id":"https:\/\/ws2-test3.nextpool.com\/de\/gleichstellungsindex-maenner-frauen\/#breadcrumb"},"inLanguage":"de","potentialAction":[{"@type":"ReadAction","target":["https:\/\/ws2-test3.nextpool.com\/de\/gleichstellungsindex-maenner-frauen\/"]}]},{"@type":"BreadcrumbList","@id":"https:\/\/ws2-test3.nextpool.com\/de\/gleichstellungsindex-maenner-frauen\/#breadcrumb","itemListElement":[{"@type":"ListItem","position":1,"name":"Home","item":"https:\/\/ws2-test3.nextpool.com\/de\/"},{"@type":"ListItem","position":2,"name":"Gleichstellungsindex M\u00e4nner\/Frauen"}]},{"@type":"WebSite","@id":"https:\/\/ws2-test3.nextpool.com\/de\/#website","url":"https:\/\/ws2-test3.nextpool.com\/de\/","name":"Nextpool","description":"Nextpool","publisher":{"@id":"https:\/\/ws2-test3.nextpool.com\/de\/#organization"},"potentialAction":[{"@type":"SearchAction","target":{"@type":"EntryPoint","urlTemplate":"https:\/\/ws2-test3.nextpool.com\/de\/?s={search_term_string}"},"query-input":{"@type":"PropertyValueSpecification","valueRequired":true,"valueName":"search_term_string"}}],"inLanguage":"de"},{"@type":"Organization","@id":"https:\/\/ws2-test3.nextpool.com\/de\/#organization","name":"Nextpool","url":"https:\/\/ws2-test3.nextpool.com\/de\/","logo":{"@type":"ImageObject","inLanguage":"de","@id":"https:\/\/ws2-test3.nextpool.com\/de\/#\/schema\/logo\/image\/","url":"https:\/\/www.nextpool.com\/wp-content\/uploads\/2023\/10\/logo-nextpool-group-noir.png","contentUrl":"https:\/\/www.nextpool.com\/wp-content\/uploads\/2023\/10\/logo-nextpool-group-noir.png","width":3505,"height":1191,"caption":"Nextpool"},"image":{"@id":"https:\/\/ws2-test3.nextpool.com\/de\/#\/schema\/logo\/image\/"},"sameAs":["https:\/\/www.facebook.com\/Nextpool\/","https:\/\/www.linkedin.com\/company\/nextpool-group"]}]}},"_links":{"self":[{"href":"https:\/\/ws2-test3.nextpool.com\/de\/wp-json\/wp\/v2\/pages\/2214","targetHints":{"allow":["GET"]}}],"collection":[{"href":"https:\/\/ws2-test3.nextpool.com\/de\/wp-json\/wp\/v2\/pages"}],"about":[{"href":"https:\/\/ws2-test3.nextpool.com\/de\/wp-json\/wp\/v2\/types\/page"}],"author":[{"embeddable":true,"href":"https:\/\/ws2-test3.nextpool.com\/de\/wp-json\/wp\/v2\/users\/2"}],"replies":[{"embeddable":true,"href":"https:\/\/ws2-test3.nextpool.com\/de\/wp-json\/wp\/v2\/comments?post=2214"}],"version-history":[{"count":4,"href":"https:\/\/ws2-test3.nextpool.com\/de\/wp-json\/wp\/v2\/pages\/2214\/revisions"}],"predecessor-version":[{"id":5683,"href":"https:\/\/ws2-test3.nextpool.com\/de\/wp-json\/wp\/v2\/pages\/2214\/revisions\/5683"}],"wp:attachment":[{"href":"https:\/\/ws2-test3.nextpool.com\/de\/wp-json\/wp\/v2\/media?parent=2214"}],"curies":[{"name":"wp","href":"https:\/\/api.w.org\/{rel}","templated":true}]}}