{"id":3864,"date":"2022-10-17T15:04:04","date_gmt":"2022-10-17T13:04:04","guid":{"rendered":"http:\/\/www.nextpool.com\/einladung-zur-nextpool-party\/"},"modified":"2022-11-02T16:05:56","modified_gmt":"2022-11-02T15:05:56","slug":"einladung-zur-nextpool-party","status":"publish","type":"page","link":"https:\/\/ws2-test3.nextpool.com\/de\/einladung-zur-nextpool-party\/","title":{"rendered":"Einladung zur Nextpool Party"},"content":{"rendered":"<div class=\"wpb-content-wrapper\"><p>[vc_row full_width=&#8220;stretch_row&#8220; background_img=&#8220;3676&#8243; marge_interne_title=&#8220;&#8220; margin_externe_title=&#8220;&#8220; el_id=&#8220;ban_inte&#8220;][vc_column]<div class=\"text-bloc\"><h1 class=\"titre_1_blanc\" style=\"text-align: center;\">Save the date<\/h1>\n<\/div><div class=\"text-bloc breadcrumb\"><span><span><a href=\"https:\/\/ws2-test3.nextpool.com\/de\/\">Home<\/a><\/span><\/span>\n<\/div>[\/vc_column][\/vc_row][vc_row my=&#8220;perso&#8220; mt=&#8220;aucun&#8220;][vc_column]<div class=\"text-bloc\"><h4 class=\"titre_3 titre_4\" style=\"text-align: center;\">Donnerstag, 17. November 2022 von 18:00 bis 21:00 Uhr,<br \/>\nNextpool l\u00e4dt Sie an Stand 4B120 zur Nextpool Party ein!<\/h4>\n<p>&nbsp;<\/p>\n<h4 class=\"titre_3 titre_4\" style=\"text-align: center;\">Melden Sie sich schnell an &#8211; <br \/>\nam Stand erwartet Sie ein Geschenk!<\/h4>\n<p>&nbsp;<\/p>\n<p style=\"text-align: center;\"><p>Nous sommes d\u00e9sol\u00e9s, les inscriptions pour la Nextpool Party sont closes. Suivez-nous sur <a href=\"https:\/\/www.linkedin.com\/company\/nextpool-group\/\" target=\"_blank\">LinkedIn<\/a> pour d\u00e9couvrir en avant-premi\u00e8re nos prochains \u00e9v\u00e9nements.<\/p><\/p>\n<\/div>[\/vc_column][\/vc_row]<\/p>\n<\/div>","protected":false},"excerpt":{"rendered":"<p>[vc_row full_width=&#8220;stretch_row&#8220; background_img=&#8220;3676&#8243; marge_interne_title=&#8220;&#8220; margin_externe_title=&#8220;&#8220; el_id=&#8220;ban_inte&#8220;][vc_column][\/vc_column][\/vc_row][vc_row my=&#8220;perso&#8220; mt=&#8220;aucun&#8220;][vc_column][\/vc_column][\/vc_row]<\/p>\n","protected":false},"author":3,"featured_media":0,"parent":0,"menu_order":0,"comment_status":"closed","ping_status":"closed","template":"","meta":{"_acf_changed":false,"footnotes":""},"class_list":["post-3864","page","type-page","status-publish","hentry"],"acf":[],"yoast_head":"<!-- This site is optimized with the Yoast SEO plugin v24.4 - https:\/\/yoast.com\/wordpress\/plugins\/seo\/ -->\n<title>Einladung zur Nextpool Party - Nextpool<\/title>\n<meta name=\"robots\" content=\"noindex, follow, max-snippet:-1, max-image-preview:large, max-video-preview:-1\" \/>\n<meta property=\"og:locale\" content=\"de_DE\" \/>\n<meta property=\"og:type\" content=\"article\" \/>\n<meta property=\"og:title\" content=\"Einladung zur Nextpool Party - Nextpool\" \/>\n<meta property=\"og:description\" content=\"[vc_row full_width=&#8220;stretch_row&#8220; background_img=&#8220;3676&#8243; marge_interne_title=&#8220;&#8220; margin_externe_title=&#8220;&#8220; el_id=&#8220;ban_inte&#8220;][vc_column][\/vc_column][\/vc_row][vc_row my=&#8220;perso&#8220; mt=&#8220;aucun&#8220;][vc_column][\/vc_column][\/vc_row]\" \/>\n<meta property=\"og:url\" content=\"https:\/\/ws2-test3.nextpool.com\/de\/einladung-zur-nextpool-party\/\" \/>\n<meta property=\"og:site_name\" content=\"Nextpool\" \/>\n<meta property=\"article:publisher\" content=\"https:\/\/www.facebook.com\/Nextpool\/\" \/>\n<meta property=\"article:modified_time\" content=\"2022-11-02T15:05:56+00:00\" \/>\n<meta name=\"twitter:card\" content=\"summary_large_image\" \/>\n<meta name=\"twitter:label1\" content=\"Gesch\u00e4tzte Lesezeit\" \/>\n\t<meta name=\"twitter:data1\" content=\"1\u00a0Minute\" \/>\n<script type=\"application\/ld+json\" class=\"yoast-schema-graph\">{\"@context\":\"https:\/\/schema.org\",\"@graph\":[{\"@type\":\"WebPage\",\"@id\":\"https:\/\/ws2-test3.nextpool.com\/de\/einladung-zur-nextpool-party\/\",\"url\":\"https:\/\/ws2-test3.nextpool.com\/de\/einladung-zur-nextpool-party\/\",\"name\":\"Einladung zur Nextpool Party - Nextpool\",\"isPartOf\":{\"@id\":\"https:\/\/ws2-test3.nextpool.com\/de\/#website\"},\"datePublished\":\"2022-10-17T13:04:04+00:00\",\"dateModified\":\"2022-11-02T15:05:56+00:00\",\"breadcrumb\":{\"@id\":\"https:\/\/ws2-test3.nextpool.com\/de\/einladung-zur-nextpool-party\/#breadcrumb\"},\"inLanguage\":\"de\",\"potentialAction\":[{\"@type\":\"ReadAction\",\"target\":[\"https:\/\/ws2-test3.nextpool.com\/de\/einladung-zur-nextpool-party\/\"]}]},{\"@type\":\"BreadcrumbList\",\"@id\":\"https:\/\/ws2-test3.nextpool.com\/de\/einladung-zur-nextpool-party\/#breadcrumb\",\"itemListElement\":[{\"@type\":\"ListItem\",\"position\":1,\"name\":\"Home\",\"item\":\"https:\/\/ws2-test3.nextpool.com\/de\/\"},{\"@type\":\"ListItem\",\"position\":2,\"name\":\"Einladung zur Nextpool Party\"}]},{\"@type\":\"WebSite\",\"@id\":\"https:\/\/ws2-test3.nextpool.com\/de\/#website\",\"url\":\"https:\/\/ws2-test3.nextpool.com\/de\/\",\"name\":\"Nextpool\",\"description\":\"Nextpool\",\"publisher\":{\"@id\":\"https:\/\/ws2-test3.nextpool.com\/de\/#organization\"},\"potentialAction\":[{\"@type\":\"SearchAction\",\"target\":{\"@type\":\"EntryPoint\",\"urlTemplate\":\"https:\/\/ws2-test3.nextpool.com\/de\/?s={search_term_string}\"},\"query-input\":{\"@type\":\"PropertyValueSpecification\",\"valueRequired\":true,\"valueName\":\"search_term_string\"}}],\"inLanguage\":\"de\"},{\"@type\":\"Organization\",\"@id\":\"https:\/\/ws2-test3.nextpool.com\/de\/#organization\",\"name\":\"Nextpool\",\"url\":\"https:\/\/ws2-test3.nextpool.com\/de\/\",\"logo\":{\"@type\":\"ImageObject\",\"inLanguage\":\"de\",\"@id\":\"https:\/\/ws2-test3.nextpool.com\/de\/#\/schema\/logo\/image\/\",\"url\":\"https:\/\/www.nextpool.com\/wp-content\/uploads\/2023\/10\/logo-nextpool-group-noir.png\",\"contentUrl\":\"https:\/\/www.nextpool.com\/wp-content\/uploads\/2023\/10\/logo-nextpool-group-noir.png\",\"width\":3505,\"height\":1191,\"caption\":\"Nextpool\"},\"image\":{\"@id\":\"https:\/\/ws2-test3.nextpool.com\/de\/#\/schema\/logo\/image\/\"},\"sameAs\":[\"https:\/\/www.facebook.com\/Nextpool\/\",\"https:\/\/www.linkedin.com\/company\/nextpool-group\"]}]}<\/script>\n<!-- \/ Yoast SEO plugin. -->","yoast_head_json":{"title":"Einladung zur Nextpool Party - Nextpool","robots":{"index":"noindex","follow":"follow","max-snippet":"max-snippet:-1","max-image-preview":"max-image-preview:large","max-video-preview":"max-video-preview:-1"},"og_locale":"de_DE","og_type":"article","og_title":"Einladung zur Nextpool Party - Nextpool","og_description":"[vc_row full_width=&#8220;stretch_row&#8220; background_img=&#8220;3676&#8243; marge_interne_title=&#8220;&#8220; margin_externe_title=&#8220;&#8220; el_id=&#8220;ban_inte&#8220;][vc_column][\/vc_column][\/vc_row][vc_row my=&#8220;perso&#8220; mt=&#8220;aucun&#8220;][vc_column][\/vc_column][\/vc_row]","og_url":"https:\/\/ws2-test3.nextpool.com\/de\/einladung-zur-nextpool-party\/","og_site_name":"Nextpool","article_publisher":"https:\/\/www.facebook.com\/Nextpool\/","article_modified_time":"2022-11-02T15:05:56+00:00","twitter_card":"summary_large_image","twitter_misc":{"Gesch\u00e4tzte Lesezeit":"1\u00a0Minute"},"schema":{"@context":"https:\/\/schema.org","@graph":[{"@type":"WebPage","@id":"https:\/\/ws2-test3.nextpool.com\/de\/einladung-zur-nextpool-party\/","url":"https:\/\/ws2-test3.nextpool.com\/de\/einladung-zur-nextpool-party\/","name":"Einladung zur Nextpool Party - Nextpool","isPartOf":{"@id":"https:\/\/ws2-test3.nextpool.com\/de\/#website"},"datePublished":"2022-10-17T13:04:04+00:00","dateModified":"2022-11-02T15:05:56+00:00","breadcrumb":{"@id":"https:\/\/ws2-test3.nextpool.com\/de\/einladung-zur-nextpool-party\/#breadcrumb"},"inLanguage":"de","potentialAction":[{"@type":"ReadAction","target":["https:\/\/ws2-test3.nextpool.com\/de\/einladung-zur-nextpool-party\/"]}]},{"@type":"BreadcrumbList","@id":"https:\/\/ws2-test3.nextpool.com\/de\/einladung-zur-nextpool-party\/#breadcrumb","itemListElement":[{"@type":"ListItem","position":1,"name":"Home","item":"https:\/\/ws2-test3.nextpool.com\/de\/"},{"@type":"ListItem","position":2,"name":"Einladung zur Nextpool Party"}]},{"@type":"WebSite","@id":"https:\/\/ws2-test3.nextpool.com\/de\/#website","url":"https:\/\/ws2-test3.nextpool.com\/de\/","name":"Nextpool","description":"Nextpool","publisher":{"@id":"https:\/\/ws2-test3.nextpool.com\/de\/#organization"},"potentialAction":[{"@type":"SearchAction","target":{"@type":"EntryPoint","urlTemplate":"https:\/\/ws2-test3.nextpool.com\/de\/?s={search_term_string}"},"query-input":{"@type":"PropertyValueSpecification","valueRequired":true,"valueName":"search_term_string"}}],"inLanguage":"de"},{"@type":"Organization","@id":"https:\/\/ws2-test3.nextpool.com\/de\/#organization","name":"Nextpool","url":"https:\/\/ws2-test3.nextpool.com\/de\/","logo":{"@type":"ImageObject","inLanguage":"de","@id":"https:\/\/ws2-test3.nextpool.com\/de\/#\/schema\/logo\/image\/","url":"https:\/\/www.nextpool.com\/wp-content\/uploads\/2023\/10\/logo-nextpool-group-noir.png","contentUrl":"https:\/\/www.nextpool.com\/wp-content\/uploads\/2023\/10\/logo-nextpool-group-noir.png","width":3505,"height":1191,"caption":"Nextpool"},"image":{"@id":"https:\/\/ws2-test3.nextpool.com\/de\/#\/schema\/logo\/image\/"},"sameAs":["https:\/\/www.facebook.com\/Nextpool\/","https:\/\/www.linkedin.com\/company\/nextpool-group"]}]}},"_links":{"self":[{"href":"https:\/\/ws2-test3.nextpool.com\/de\/wp-json\/wp\/v2\/pages\/3864","targetHints":{"allow":["GET"]}}],"collection":[{"href":"https:\/\/ws2-test3.nextpool.com\/de\/wp-json\/wp\/v2\/pages"}],"about":[{"href":"https:\/\/ws2-test3.nextpool.com\/de\/wp-json\/wp\/v2\/types\/page"}],"author":[{"embeddable":true,"href":"https:\/\/ws2-test3.nextpool.com\/de\/wp-json\/wp\/v2\/users\/3"}],"replies":[{"embeddable":true,"href":"https:\/\/ws2-test3.nextpool.com\/de\/wp-json\/wp\/v2\/comments?post=3864"}],"version-history":[{"count":5,"href":"https:\/\/ws2-test3.nextpool.com\/de\/wp-json\/wp\/v2\/pages\/3864\/revisions"}],"predecessor-version":[{"id":3886,"href":"https:\/\/ws2-test3.nextpool.com\/de\/wp-json\/wp\/v2\/pages\/3864\/revisions\/3886"}],"wp:attachment":[{"href":"https:\/\/ws2-test3.nextpool.com\/de\/wp-json\/wp\/v2\/media?parent=3864"}],"curies":[{"name":"wp","href":"https:\/\/api.w.org\/{rel}","templated":true}]}}