{"id":2329,"date":"2022-08-18T09:36:38","date_gmt":"2022-08-18T07:36:38","guid":{"rendered":"http:\/\/www.nextpool.com\/privacy-policy\/"},"modified":"2024-03-26T15:51:14","modified_gmt":"2024-03-26T14:51:14","slug":"privacy-policy","status":"publish","type":"page","link":"https:\/\/ws2-test3.nextpool.com\/en\/privacy-policy\/","title":{"rendered":"Privacy policy"},"content":{"rendered":"<div class=\"wpb-content-wrapper\"><p>[vc_row full_width=&#8221;stretch_row&#8221; background_img=&#8221;735&#8243; el_id=&#8221;ban_inte&#8221;][vc_column]<div class=\"text-bloc\"><h1 class=\"titre_1_blanc\" style=\"text-align: center;\">Privacy policy<\/h1>\n<\/div><div class=\"text-bloc breadcrumb\"><span><span><a href=\"https:\/\/ws2-test3.nextpool.com\/en\/\">Home<\/a><\/span><\/span>\n<\/div>[\/vc_column][\/vc_row][vc_row][vc_column]<div class=\"text-bloc\"><p>NEXTPOOL SERVICES privacy policy I V0.4 updated 30 December 2020<\/p>\n<p>View our privacy policies for other group companies: <a href=\"https:\/\/www2.nextpool.com\/confidentialite-ALBON\">ALBON<\/a> I <a href=\"https:\/\/www2.nextpool.com\/confidentialite-albiges\">ALBIGES<\/a> I <a href=\"https:\/\/www2.nextpool.com\/confidentialite-ASPOOL-FR\">A.S. POOL<\/a><\/p>\n<\/div>[\/vc_column][\/vc_row][vc_row][vc_column]<div class=\"text-bloc\"><h2 class=\"titre_2_color\">PRIVACY POLICY AND PERSONAL DATA PROCESSING POLICY<\/h2>\n<p>Nextpool Services is firmly committed to respecting your privacy and to protecting any personal data you provide. We undertake to comply with applicable legislation in terms of personal data privacy and protection, in particular the European General Data Protection Regulation. The purpose of this data privacy policy (hereinafter \u201cPrivacy policy\u201d) is to:<\/p>\n<ul>\n<li>enable you to provide personal data in full confidence and privacy when you use our websites and\/or mobile applications,<\/li>\n<li>inform you of the conditions of processing the data we collect via our websites and\/or mobile applications,<\/li>\n<li>inform you of the measures we take to ensure the privacy and protection of your personal data,<\/li>\n<li>provide guidance on your applicable rights.<\/li>\n<\/ul>\n<\/div>[\/vc_column][\/vc_row][vc_row][vc_column]<div class=\"text-bloc\"><h2 class=\"titre_2_color\">ARTICLE 1 \u2013 DATA COLLECTION<\/h2>\n<p>Nextpool Services, registered head office atImmeuble LE BOIS DES C\u00d4TES, 300 Route Nationale 6, 69760 Limonest &#8211; France, operates several websites (hereinafter \u201cWebsites\u201d) listed below:<\/p>\n<ul>\n<li>Institutional brand website: <a href=\"https:\/\/www2.nextpool.com\/l\/744183\/2020-10-28\/3s5kn\">http:\/\/www.nextpool.com<\/a><\/li>\n<li>\u201cSherpa Expert\u201d site for production order configuration (reserved for professional customers): <a href=\"https:\/\/bit.ly\/3g1VnS8\">http:\/\/commande.nextpool.com\/<\/a><\/li>\n<\/ul>\n<p>In the following cases, Nextpool Services must therefore collect and process your personal data, namely information that enables your direct or indirect identification:<\/p>\n<ul>\n<li>If you browse the Websites,<\/li>\n<li>If you create a personal account and\/or login to this account,<\/li>\n<li>If you make a purchase,<\/li>\n<li>If you contact us, notably via our contact forms, by telephone, e-mail or any electronic process,<\/li>\n<li>If you submit an application for a job or internship,<\/li>\n<li>If you subscribe to a mailing list.<\/li>\n<\/ul>\n<p>Certain personal data we request from you are mandatory. The mandatory nature of the data collected is indicated by an asterisk. The other information is optional. A refusal to provide mandatory personal data will, where applicable, make it impossible to access all the services of the Website in question.<\/p>\n<p>If these data are required by law or to execute the contract binding us and they are not provided, this impairs our ability to honour the contract. In which case, we may cancel your commitment after duly informing you.<\/p>\n<\/div>[\/vc_column][\/vc_row][vc_row][vc_column]<div class=\"text-bloc\"><h2 class=\"titre_2_color\">ARTICLE 2 \u2013 DATA CATEGORIES<\/h2>\n<p>Depending on the processing performed, we are likely to collect and process the following personal data:<\/p>\n<\/div><div class=\"text-bloc\"><table border=\"1\" cellspacing=\"1\" cellpadding=\"5\" align=\"center\">\n<tbody>\n<tr>\n<td>Identification data<\/td>\n<td>\n<ul>\n<li>Civil status \/ Last name \/ First name<\/li>\n<li>E-mail address<\/li>\n<li>Postal address<\/li>\n<li>Country<\/li>\n<li>Telephone<\/li>\n<li>Password used to access online account<\/li>\n<li>Login \/ Username<\/li>\n<\/ul>\n<\/td>\n<\/tr>\n<tr>\n<td>Economic data<\/td>\n<td>\n<ul>\n<li>Bank details<\/li>\n<\/ul>\n<\/td>\n<\/tr>\n<tr>\n<td>Professional life<\/td>\n<td>\n<ul>\n<li>Job title<\/li>\n<li>Company<\/li>\n<\/ul>\n<\/td>\n<\/tr>\n<tr>\n<td>Connection data<\/td>\n<td>\n<ul>\n<li>Timestamps, IP address, browsing history, site visit pathway, operating system, information on devices used to access the Website and\/or the application<\/li>\n<\/ul>\n<\/td>\n<\/tr>\n<\/tbody>\n<\/table>\n<\/div>[\/vc_column][\/vc_row][vc_row][vc_column]<div class=\"text-bloc\"><h2 class=\"titre_2_color\">ARTICLE 3 \u2013 PURPOSES AND LEGAL BASIS OF PROCESSING, CONSERVATION PERIOD<\/h2>\n<p>Below are the purposes and legal bases on which we justify our personal data processing operations:<\/p>\n<\/div><div class=\"text-bloc\"><table border=\"1\" cellspacing=\"1\" cellpadding=\"5\" align=\"center\">\n<tbody>\n<tr>\n<td><strong>Purpose of processing<\/strong><\/td>\n<td><strong>Legal basis of processing<\/strong><\/td>\n<td><strong>Personal data processed<\/strong><\/td>\n<td><strong>Conservation period<\/strong><\/td>\n<\/tr>\n<tr>\n<td>Customer and lead account management (opening account, order tracking, delivery management)<\/td>\n<td>Contract or depending on the case the legitimate interest of Nextpool Services to manage customer accounts and leads to support the development of the company and its entities<\/td>\n<td>\n<ul>\n<li>Identification data<\/li>\n<li>Economic and financial data<\/li>\n<\/ul>\n<\/td>\n<td>Duration of contractual agreement and maximum 5 years after termination in intermediate storage<\/td>\n<\/tr>\n<tr>\n<td>Campaign management and communications to customer and lead accounts (loyalty, promotions, catalogue management, miscellaneous information)<\/td>\n<td>Legitimate interest of Nextpool Services to develop its activity and that of its sister companies<\/td>\n<td>\n<ul>\n<li>Identification data<\/li>\n<li>Connection data<\/li>\n<\/ul>\n<\/td>\n<td>Duration of contractual agreement and maximum 5 years after termination for customers or 3 years from last contact for leads<\/td>\n<\/tr>\n<tr>\n<td>Management of incoming requests from professionals (customers and leads)<\/td>\n<td>Consent of person in question<\/td>\n<td>\n<ul>\n<li>Identification data<\/li>\n<li>Professional life<\/li>\n<\/ul>\n<\/td>\n<td>For customers: Duration of contractual agreement and maximum 5 years after termination or until withdrawal of consent<\/p>\n<p>For leads: Until withdrawal of consent or 3 years from the last contact<\/td>\n<\/tr>\n<tr>\n<td>Management of incoming requests from individuals (customers and leads)<\/td>\n<td>Consent of person in question<\/td>\n<td>\n<ul>\n<li>Identification data<\/li>\n<\/ul>\n<\/td>\n<td>Until withdrawal of consent or 3 years from the last contact<\/td>\n<\/tr>\n<tr>\n<td>Management of registrations for Nextpool pro area\/Extranet<\/td>\n<td>Consent of person in question<\/td>\n<td>\n<ul>\n<li>Identification data<\/li>\n<li>Professional life<\/li>\n<\/ul>\n<\/td>\n<td>Until withdrawal of consent<\/td>\n<\/tr>\n<tr>\n<td>Management of registration on our email marketing lists<\/td>\n<td>Consent of person in question<\/td>\n<td>\n<ul>\n<li>Identification data<\/li>\n<\/ul>\n<\/td>\n<td>Until withdrawal of consent or 3 years from the last contact<\/td>\n<\/tr>\n<tr>\n<td>Production of statistics<\/td>\n<td>Legitimate interest<\/td>\n<td>\n<ul>\n<li>Identification data<\/li>\n<li>Connection data<\/li>\n<\/ul>\n<\/td>\n<td>10 years from date of last purchase<\/td>\n<\/tr>\n<tr>\n<td>Improve the services offered, develop our services, ensure the operation and security of Websites<\/td>\n<td>Legitimate interest<\/td>\n<td>\n<ul>\n<li>Identification data<\/li>\n<li>Connection data<\/li>\n<li>Location data<\/li>\n<\/ul>\n<\/td>\n<td>10 years from date of last purchase<\/td>\n<\/tr>\n<tr>\n<td>Management of invoicing and accounting<\/td>\n<td>Obligation to comply with legal requirements<\/td>\n<td>\n<ul>\n<li>Identification data<\/li>\n<li>Economic and financial data<\/li>\n<\/ul>\n<\/td>\n<td>10 years from end of financial year<\/td>\n<\/tr>\n<tr>\n<td>Management of personal rights<\/td>\n<td>Obligation to comply with legal requirements<\/td>\n<td>\n<ul>\n<li>Identification data<\/li>\n<\/ul>\n<\/td>\n<td>10 years from date of registration in our systems<\/td>\n<\/tr>\n<tr>\n<td>Management and monitoring of our staff recruitment process<\/td>\n<td>Consent of person in question<\/td>\n<td>\n<ul>\n<li>Identification data<\/li>\n<li>Professional life<\/li>\n<\/ul>\n<\/td>\n<td>Until withdrawal of consent or 2 years from the last contact<\/td>\n<\/tr>\n<tr>\n<td>Forward data of customers or leads who opened accounts to other companies of the Nextpool Group (see list below)<\/td>\n<td>Legitimate interest of the Group<\/td>\n<td>\n<ul>\n<li>Identification data<\/li>\n<li>Professional life<\/li>\n<li>Economic and financial data<\/li>\n<\/ul>\n<\/td>\n<td>For customers: Duration of contractual agreement and maximum 5 years after termination or until withdrawal of consent<\/p>\n<p>For leads: 3 years from the last contact<\/td>\n<\/tr>\n<tr>\n<td>Forward contact details of customers, end users and\/or leads contacting Nextpool Services and its sister companies to local distributors in order to handle their request<\/td>\n<td>Consent of person in question<\/td>\n<td>\n<ul>\n<li>Identification data<\/li>\n<\/ul>\n<\/td>\n<td>Until withdrawal of consent or 3 years from the last contact<\/td>\n<\/tr>\n<\/tbody>\n<\/table>\n<\/div>[\/vc_column][\/vc_row][vc_row][vc_column]<div class=\"text-bloc\"><h2 class=\"titre_2_color\">ARTICLE 4 \u2013 DATA RECIPIENTS<\/h2>\n<p>The personal data collected by Nextpool Services are not sold to third parties. Nonetheless, Nextpool Services may share personal data it collects with other entities, namely:<\/p>\n<ul>\n<li>Approved members of customer services (Sales administration, After-sales) in companies of the Nextpool Group (Nextpool Services, A.S. POOL, ALBON, ALBIGES, NPI) as well as certain Group support departments (marketing, IT, sales) receive personal data in the course of their missions resulting from the purposes identified in article 3.<\/li>\n<li>The new owner of Nextpool Services in the event of acquisition.<\/li>\n<li>Its subcontractors and service providers responsible for certain functions on its behalf (hosting, maintenance, marketing mailing, after-sales service operations, etc.).<\/li>\n<li>Court officers, ministerial officers, government departments, court authorities, administrative authorities when required, to establish, execute and defend legal proceedings.<\/li>\n<li>The other companies making up the Nextpool Group, namely:\n<ul>\n<li>A.S. POOL: ZAC Rouvelli\u00e8re 72700 Spay &#8211; France<\/li>\n<li>ALBIGES: Parc d\u2019activit\u00e9 Millau Viaduc, avenue des Fialets 12100 Millau &#8211; France<\/li>\n<li>ALBON: 1 Rue du Rh\u00f4ne 26140 Saint-Rambert d&#8217;Albon &#8211; France<\/li>\n<li>NEXTPOOL IBERICA: C\/ PAPIRO 3-5, &#8211; POLIGONO INDUSTRIAL \u201cLA CANTUE\u00d1A\u201d (FUENLABRADA) &#8211; Spain<\/li>\n<\/ul>\n<\/li>\n<\/ul>\n<p>Nextpool Services reserves the right to disclose your personal details to other parties in the event that the law, an applicable regulatory requirement, a legal decision or a regulation imposes or authorises it to do so, or if such disclosure is necessary as part of an investigation or proceedings in France or another country.<\/p>\n<p>On principle, personal data collected are not intended to be transferred outside the European Union. Such transfers are nonetheless compliant with applicable regulations and we have verified that they are carried out in accordance with the transfer mechanisms permitted by the GDPR. Below is the list of applications and subcontractors (outside the EU) whose services we use to deliver our services to you:<\/p>\n<\/div><div class=\"text-bloc\"><table border=\"1\" cellspacing=\"1\" cellpadding=\"5\" align=\"center\">\n<tbody>\n<tr>\n<td><strong>Name of service provider<\/strong><\/td>\n<td><strong>Reason for transfer<\/strong><\/td>\n<td><strong>Country of origin of provider<\/strong><\/td>\n<\/tr>\n<tr>\n<td>Salesforce Pardot CRM<\/td>\n<td>Customer relationship management, mass and\/or automated email marketing<\/td>\n<td>USA, Privacy Shield Certification<\/td>\n<\/tr>\n<tr>\n<td>Hubspot CRM<\/td>\n<td>Customer relationship management<\/td>\n<td>USA, Privacy Shield Certification<\/td>\n<\/tr>\n<tr>\n<td>Zapier<\/td>\n<td>Data automation<\/td>\n<td>USA, Privacy Shield Certification<\/td>\n<\/tr>\n<tr>\n<td>Google services: Analytics, Search Console<\/td>\n<td>Website audience and operation measurement<\/td>\n<td>USA, Privacy Shield Certification<\/td>\n<\/tr>\n<\/tbody>\n<\/table>\n<\/div>[\/vc_column][\/vc_row][vc_row][vc_column]<div class=\"text-bloc\"><h2 class=\"titre_2_color\">ARTICLE 5 \u2013 SECURITY<\/h2>\n<p>To protect your personal data, Nextpool Services takes reasonable precautions and applies industry-wide best practices to ensure they are not lost, stolen, viewed, disclosed, altered or destroyed inappropriately.<\/p>\n<p>In case of disclosure of personal data presenting a risk for the rights and freedoms of the data subjects, please be aware that Nextpool Services is obliged to inform the competent supervisory authority and to inform you as rapidly as possible of any violation of your personal data likely to generate a serious risk for your rights and freedoms, so that you can take all useful measures.<\/p>\n<\/div>[\/vc_column][\/vc_row][vc_row][vc_column]<div class=\"text-bloc\"><h2 class=\"titre_2_color\">ARTICLE 6 \u2013 COOKIES<\/h2>\n<p>We use cookies and trace files to deliver our services and to measure the use of our Websites. All information on how we use cookies and your options to oppose this use are provided on the page concerning our cookie policy.<\/p>\n<\/div>[\/vc_column][\/vc_row][vc_row][vc_column]<div class=\"text-bloc\"><h2 class=\"titre_2_color\">ARTICLE 7 \u2013 YOUR RIGHTS<\/h2>\n<p>If you no longer wish to receive communications from Nextpool Services (exercising your right to oppose or withdraw consent provided previously), you can inform us by using the unsubscribe link provided on each email, by configuring your registration preferences, or by sending us an email to the following address: contactrgpd@nextpool.com.<\/p>\n<p>Similarly, if after having provided your consent for your data to be transferred to companies of the Nextpool Group, you wish to change your mind and no longer receive communications from them, you may withdraw your consent by sending us an email to the following address: contactrgpd@nextpool.com. We also provide an incident declaration form that you may use: <a href=\"https:\/\/nextpool.lpages.co\/incident-rgpd\/\" target=\"_blank\" rel=\"noopener\">https:\/\/nextpool.lpages.co\/incident-rgpd\/<\/a>.<\/p>\n<p>Also, you may access and rectify your personal data, or request that they be erased. In certain circumstances, you also have other rights, including data portability, limitation or opposition of the processing of your data, the right to be forgotten and the right to define how your data is handled after your death (please visit the website of the French Data Protection Authority (CNIL) at https:\/\/www.cnil.fr\/en\/home for more information about your rights). If the processing is founded on your consent you are also entitled to withdraw your consent.<\/p>\n<p>To exercise your rights or for any questions concerning the processing of your data through these arrangements, you may contact our Data Protection Officer using any of the means at your disposal:<\/p>\n<ul>\n<li>by electronic means to the following address: <a href=\"mailto:contactrgpd@nextpool.com\">contactrgpd@nextpool.com<\/a> or using the form available at this address: <a href=\"https:\/\/nextpool.lpages.co\/incident-rgpd\/\" target=\"_blank\" rel=\"noopener\">https:\/\/nextpool.lpages.co\/incident-rgpd\/<\/a><\/li>\n<li>by post, to the following address:\n<ul>\n<li>DPO Protection des Donn\u00e9es Personnelles &#8211; Nextpool Services &#8211; Parc d\u2019activit\u00e9s LE NORLY &#8211; B\u00e2timent A1 &#8211; Immeuble LE BOIS DES C\u00d4TES, 300 Route Nationale 6, 69760 Limonest France<\/li>\n<\/ul>\n<\/li>\n<\/ul>\n<p>To enable Nextpool Services to answer rapidly, please provide your first and last name, e-mail and postal address. Except in specific cases, we will respond within one month of receiving your request.<\/p>\n<p>If after contacting Nextpool Services, you consider that your data privacy rights have not been respected, you may send a complaint online to CNIL.<\/p>\n<\/div>[\/vc_column][\/vc_row][vc_row][vc_column]<div class=\"text-bloc\"><h2 class=\"titre_2_color\">ARTICLE 8 \u2013 MODIFICATIONS TO THE PRIVACY POLICY<\/h2>\n<p>Nextpool Services reserves the right to modify or in general update this Privacy policy at any time and without notice. All substantial modifications will be notified on the Website and\/or by email if necessary. We invite you to regularly consult this page to remain informed of any changes made to this Privacy policy.<\/p>\n<\/div>[\/vc_column][\/vc_row]<\/p>\n<\/div>","protected":false},"excerpt":{"rendered":"<p>[vc_row full_width=&#8221;stretch_row&#8221; background_img=&#8221;735&#8243; el_id=&#8221;ban_inte&#8221;][vc_column][\/vc_column][\/vc_row][vc_row][vc_column][\/vc_column][\/vc_row][vc_row][vc_column][\/vc_column][\/vc_row][vc_row][vc_column][\/vc_column][\/vc_row][vc_row][vc_column][\/vc_column][\/vc_row][vc_row][vc_column][\/vc_column][\/vc_row][vc_row][vc_column][\/vc_column][\/vc_row][vc_row][vc_column][\/vc_column][\/vc_row][vc_row][vc_column][\/vc_column][\/vc_row][vc_row][vc_column][\/vc_column][\/vc_row][vc_row][vc_column][\/vc_column][\/vc_row]<\/p>\n","protected":false},"author":2,"featured_media":0,"parent":0,"menu_order":0,"comment_status":"closed","ping_status":"closed","template":"","meta":{"_acf_changed":false,"footnotes":""},"class_list":["post-2329","page","type-page","status-publish","hentry"],"acf":[],"yoast_head":"<!-- This site is optimized with the Yoast SEO plugin v24.4 - https:\/\/yoast.com\/wordpress\/plugins\/seo\/ -->\n<title>Privacy policy - Nextpool<\/title>\n<meta name=\"robots\" content=\"noindex, follow, max-snippet:-1, max-image-preview:large, max-video-preview:-1\" \/>\n<meta property=\"og:locale\" content=\"en_US\" \/>\n<meta property=\"og:type\" content=\"article\" \/>\n<meta property=\"og:title\" content=\"Privacy policy - Nextpool\" \/>\n<meta property=\"og:description\" content=\"[vc_row full_width=&#8221;stretch_row&#8221; background_img=&#8221;735&#8243; el_id=&#8221;ban_inte&#8221;][vc_column][\/vc_column][\/vc_row][vc_row][vc_column][\/vc_column][\/vc_row][vc_row][vc_column][\/vc_column][\/vc_row][vc_row][vc_column][\/vc_column][\/vc_row][vc_row][vc_column][\/vc_column][\/vc_row][vc_row][vc_column][\/vc_column][\/vc_row][vc_row][vc_column][\/vc_column][\/vc_row][vc_row][vc_column][\/vc_column][\/vc_row][vc_row][vc_column][\/vc_column][\/vc_row][vc_row][vc_column][\/vc_column][\/vc_row][vc_row][vc_column][\/vc_column][\/vc_row]\" \/>\n<meta property=\"og:url\" content=\"https:\/\/ws2-test3.nextpool.com\/en\/privacy-policy\/\" \/>\n<meta property=\"og:site_name\" content=\"Nextpool\" \/>\n<meta property=\"article:publisher\" content=\"https:\/\/www.facebook.com\/Nextpool\/\" \/>\n<meta property=\"article:modified_time\" content=\"2024-03-26T14:51:14+00:00\" \/>\n<meta name=\"twitter:card\" content=\"summary_large_image\" \/>\n<meta name=\"twitter:label1\" content=\"Est. reading time\" \/>\n\t<meta name=\"twitter:data1\" content=\"10 minutes\" \/>\n<script type=\"application\/ld+json\" class=\"yoast-schema-graph\">{\"@context\":\"https:\/\/schema.org\",\"@graph\":[{\"@type\":\"WebPage\",\"@id\":\"https:\/\/ws2-test3.nextpool.com\/en\/privacy-policy\/\",\"url\":\"https:\/\/ws2-test3.nextpool.com\/en\/privacy-policy\/\",\"name\":\"Privacy policy - Nextpool\",\"isPartOf\":{\"@id\":\"https:\/\/ws2-test3.nextpool.com\/en\/#website\"},\"datePublished\":\"2022-08-18T07:36:38+00:00\",\"dateModified\":\"2024-03-26T14:51:14+00:00\",\"breadcrumb\":{\"@id\":\"https:\/\/ws2-test3.nextpool.com\/en\/privacy-policy\/#breadcrumb\"},\"inLanguage\":\"en-US\",\"potentialAction\":[{\"@type\":\"ReadAction\",\"target\":[\"https:\/\/ws2-test3.nextpool.com\/en\/privacy-policy\/\"]}]},{\"@type\":\"BreadcrumbList\",\"@id\":\"https:\/\/ws2-test3.nextpool.com\/en\/privacy-policy\/#breadcrumb\",\"itemListElement\":[{\"@type\":\"ListItem\",\"position\":1,\"name\":\"Home\",\"item\":\"https:\/\/ws2-test3.nextpool.com\/en\/\"},{\"@type\":\"ListItem\",\"position\":2,\"name\":\"Privacy policy\"}]},{\"@type\":\"WebSite\",\"@id\":\"https:\/\/ws2-test3.nextpool.com\/en\/#website\",\"url\":\"https:\/\/ws2-test3.nextpool.com\/en\/\",\"name\":\"Nextpool\",\"description\":\"Nextpool\",\"publisher\":{\"@id\":\"https:\/\/ws2-test3.nextpool.com\/en\/#organization\"},\"potentialAction\":[{\"@type\":\"SearchAction\",\"target\":{\"@type\":\"EntryPoint\",\"urlTemplate\":\"https:\/\/ws2-test3.nextpool.com\/en\/?s={search_term_string}\"},\"query-input\":{\"@type\":\"PropertyValueSpecification\",\"valueRequired\":true,\"valueName\":\"search_term_string\"}}],\"inLanguage\":\"en-US\"},{\"@type\":\"Organization\",\"@id\":\"https:\/\/ws2-test3.nextpool.com\/en\/#organization\",\"name\":\"Nextpool\",\"url\":\"https:\/\/ws2-test3.nextpool.com\/en\/\",\"logo\":{\"@type\":\"ImageObject\",\"inLanguage\":\"en-US\",\"@id\":\"https:\/\/ws2-test3.nextpool.com\/en\/#\/schema\/logo\/image\/\",\"url\":\"https:\/\/www.nextpool.com\/wp-content\/uploads\/2023\/10\/logo-nextpool-group-noir.png\",\"contentUrl\":\"https:\/\/www.nextpool.com\/wp-content\/uploads\/2023\/10\/logo-nextpool-group-noir.png\",\"width\":3505,\"height\":1191,\"caption\":\"Nextpool\"},\"image\":{\"@id\":\"https:\/\/ws2-test3.nextpool.com\/en\/#\/schema\/logo\/image\/\"},\"sameAs\":[\"https:\/\/www.facebook.com\/Nextpool\/\",\"https:\/\/www.linkedin.com\/company\/nextpool-group\"]}]}<\/script>\n<!-- \/ Yoast SEO plugin. -->","yoast_head_json":{"title":"Privacy policy - Nextpool","robots":{"index":"noindex","follow":"follow","max-snippet":"max-snippet:-1","max-image-preview":"max-image-preview:large","max-video-preview":"max-video-preview:-1"},"og_locale":"en_US","og_type":"article","og_title":"Privacy policy - Nextpool","og_description":"[vc_row full_width=&#8221;stretch_row&#8221; background_img=&#8221;735&#8243; el_id=&#8221;ban_inte&#8221;][vc_column][\/vc_column][\/vc_row][vc_row][vc_column][\/vc_column][\/vc_row][vc_row][vc_column][\/vc_column][\/vc_row][vc_row][vc_column][\/vc_column][\/vc_row][vc_row][vc_column][\/vc_column][\/vc_row][vc_row][vc_column][\/vc_column][\/vc_row][vc_row][vc_column][\/vc_column][\/vc_row][vc_row][vc_column][\/vc_column][\/vc_row][vc_row][vc_column][\/vc_column][\/vc_row][vc_row][vc_column][\/vc_column][\/vc_row][vc_row][vc_column][\/vc_column][\/vc_row]","og_url":"https:\/\/ws2-test3.nextpool.com\/en\/privacy-policy\/","og_site_name":"Nextpool","article_publisher":"https:\/\/www.facebook.com\/Nextpool\/","article_modified_time":"2024-03-26T14:51:14+00:00","twitter_card":"summary_large_image","twitter_misc":{"Est. reading time":"10 minutes"},"schema":{"@context":"https:\/\/schema.org","@graph":[{"@type":"WebPage","@id":"https:\/\/ws2-test3.nextpool.com\/en\/privacy-policy\/","url":"https:\/\/ws2-test3.nextpool.com\/en\/privacy-policy\/","name":"Privacy policy - Nextpool","isPartOf":{"@id":"https:\/\/ws2-test3.nextpool.com\/en\/#website"},"datePublished":"2022-08-18T07:36:38+00:00","dateModified":"2024-03-26T14:51:14+00:00","breadcrumb":{"@id":"https:\/\/ws2-test3.nextpool.com\/en\/privacy-policy\/#breadcrumb"},"inLanguage":"en-US","potentialAction":[{"@type":"ReadAction","target":["https:\/\/ws2-test3.nextpool.com\/en\/privacy-policy\/"]}]},{"@type":"BreadcrumbList","@id":"https:\/\/ws2-test3.nextpool.com\/en\/privacy-policy\/#breadcrumb","itemListElement":[{"@type":"ListItem","position":1,"name":"Home","item":"https:\/\/ws2-test3.nextpool.com\/en\/"},{"@type":"ListItem","position":2,"name":"Privacy policy"}]},{"@type":"WebSite","@id":"https:\/\/ws2-test3.nextpool.com\/en\/#website","url":"https:\/\/ws2-test3.nextpool.com\/en\/","name":"Nextpool","description":"Nextpool","publisher":{"@id":"https:\/\/ws2-test3.nextpool.com\/en\/#organization"},"potentialAction":[{"@type":"SearchAction","target":{"@type":"EntryPoint","urlTemplate":"https:\/\/ws2-test3.nextpool.com\/en\/?s={search_term_string}"},"query-input":{"@type":"PropertyValueSpecification","valueRequired":true,"valueName":"search_term_string"}}],"inLanguage":"en-US"},{"@type":"Organization","@id":"https:\/\/ws2-test3.nextpool.com\/en\/#organization","name":"Nextpool","url":"https:\/\/ws2-test3.nextpool.com\/en\/","logo":{"@type":"ImageObject","inLanguage":"en-US","@id":"https:\/\/ws2-test3.nextpool.com\/en\/#\/schema\/logo\/image\/","url":"https:\/\/www.nextpool.com\/wp-content\/uploads\/2023\/10\/logo-nextpool-group-noir.png","contentUrl":"https:\/\/www.nextpool.com\/wp-content\/uploads\/2023\/10\/logo-nextpool-group-noir.png","width":3505,"height":1191,"caption":"Nextpool"},"image":{"@id":"https:\/\/ws2-test3.nextpool.com\/en\/#\/schema\/logo\/image\/"},"sameAs":["https:\/\/www.facebook.com\/Nextpool\/","https:\/\/www.linkedin.com\/company\/nextpool-group"]}]}},"_links":{"self":[{"href":"https:\/\/ws2-test3.nextpool.com\/en\/wp-json\/wp\/v2\/pages\/2329","targetHints":{"allow":["GET"]}}],"collection":[{"href":"https:\/\/ws2-test3.nextpool.com\/en\/wp-json\/wp\/v2\/pages"}],"about":[{"href":"https:\/\/ws2-test3.nextpool.com\/en\/wp-json\/wp\/v2\/types\/page"}],"author":[{"embeddable":true,"href":"https:\/\/ws2-test3.nextpool.com\/en\/wp-json\/wp\/v2\/users\/2"}],"replies":[{"embeddable":true,"href":"https:\/\/ws2-test3.nextpool.com\/en\/wp-json\/wp\/v2\/comments?post=2329"}],"version-history":[{"count":4,"href":"https:\/\/ws2-test3.nextpool.com\/en\/wp-json\/wp\/v2\/pages\/2329\/revisions"}],"predecessor-version":[{"id":5586,"href":"https:\/\/ws2-test3.nextpool.com\/en\/wp-json\/wp\/v2\/pages\/2329\/revisions\/5586"}],"wp:attachment":[{"href":"https:\/\/ws2-test3.nextpool.com\/en\/wp-json\/wp\/v2\/media?parent=2329"}],"curies":[{"name":"wp","href":"https:\/\/api.w.org\/{rel}","templated":true}]}}