{"id":3868,"date":"2022-10-17T15:04:04","date_gmt":"2022-10-17T13:04:04","guid":{"rendered":"http:\/\/www.nextpool.com\/invitation-to-the-nextpool-party\/"},"modified":"2022-11-02T16:05:33","modified_gmt":"2022-11-02T15:05:33","slug":"invitation-to-the-nextpool-party","status":"publish","type":"page","link":"https:\/\/ws2-test3.nextpool.com\/en\/invitation-to-the-nextpool-party\/","title":{"rendered":"Invitation to the Nextpool Party"},"content":{"rendered":"<div class=\"wpb-content-wrapper\"><p>[vc_row full_width=&#8221;stretch_row&#8221; background_img=&#8221;3676&#8243; marge_interne_title=&#8221;&#8221; margin_externe_title=&#8221;&#8221; el_id=&#8221;ban_inte&#8221;][vc_column]<div class=\"text-bloc\"><h1 class=\"titre_1_blanc\" style=\"text-align: center;\">Save the date<\/h1>\n<\/div><div class=\"text-bloc breadcrumb\"><span><span><a href=\"https:\/\/ws2-test3.nextpool.com\/en\/\">Home<\/a><\/span><\/span>\n<\/div>[\/vc_column][\/vc_row][vc_row my=&#8221;perso&#8221; mt=&#8221;aucun&#8221;][vc_column]<div class=\"text-bloc\"><h4 class=\"titre_3 titre_4\" style=\"text-align: center;\">Thursday 17th November 2022 from 6pm to 9pm,<br \/>\nNextpool invites you to stand 4b120 for the Nextpool party!<\/h4>\n<p>&nbsp;<\/p>\n<h4 class=\"titre_3 titre_4\" style=\"text-align: center;\">Register now by filling in the form below,<br \/>\na gift waiting for you when you arrive!<\/h4>\n<p>&nbsp;<\/p>\n<p style=\"text-align: center;\"><p>Nous sommes d\u00e9sol\u00e9s, les inscriptions pour la Nextpool Party sont closes. Suivez-nous sur <a href=\"https:\/\/www.linkedin.com\/company\/nextpool-group\/\" target=\"_blank\">LinkedIn<\/a> pour d\u00e9couvrir en avant-premi\u00e8re nos prochains \u00e9v\u00e9nements.<\/p><\/p>\n<\/div>[\/vc_column][\/vc_row]<\/p>\n<\/div>","protected":false},"excerpt":{"rendered":"<p>[vc_row full_width=&#8221;stretch_row&#8221; background_img=&#8221;3676&#8243; marge_interne_title=&#8221;&#8221; margin_externe_title=&#8221;&#8221; el_id=&#8221;ban_inte&#8221;][vc_column][\/vc_column][\/vc_row][vc_row my=&#8221;perso&#8221; mt=&#8221;aucun&#8221;][vc_column][\/vc_column][\/vc_row]<\/p>\n","protected":false},"author":3,"featured_media":0,"parent":0,"menu_order":0,"comment_status":"closed","ping_status":"closed","template":"","meta":{"_acf_changed":false,"footnotes":""},"class_list":["post-3868","page","type-page","status-publish","hentry"],"acf":[],"yoast_head":"<!-- This site is optimized with the Yoast SEO plugin v24.4 - https:\/\/yoast.com\/wordpress\/plugins\/seo\/ -->\n<title>Invitation to the Nextpool Party - Nextpool<\/title>\n<meta name=\"robots\" content=\"noindex, follow, max-snippet:-1, max-image-preview:large, max-video-preview:-1\" \/>\n<meta property=\"og:locale\" content=\"en_US\" \/>\n<meta property=\"og:type\" content=\"article\" \/>\n<meta property=\"og:title\" content=\"Invitation to the Nextpool Party - Nextpool\" \/>\n<meta property=\"og:description\" content=\"[vc_row full_width=&#8221;stretch_row&#8221; background_img=&#8221;3676&#8243; marge_interne_title=&#8221;&#8221; margin_externe_title=&#8221;&#8221; el_id=&#8221;ban_inte&#8221;][vc_column][\/vc_column][\/vc_row][vc_row my=&#8221;perso&#8221; mt=&#8221;aucun&#8221;][vc_column][\/vc_column][\/vc_row]\" \/>\n<meta property=\"og:url\" content=\"https:\/\/ws2-test3.nextpool.com\/en\/invitation-to-the-nextpool-party\/\" \/>\n<meta property=\"og:site_name\" content=\"Nextpool\" \/>\n<meta property=\"article:publisher\" content=\"https:\/\/www.facebook.com\/Nextpool\/\" \/>\n<meta property=\"article:modified_time\" content=\"2022-11-02T15:05:33+00:00\" \/>\n<meta name=\"twitter:card\" content=\"summary_large_image\" \/>\n<meta name=\"twitter:label1\" content=\"Est. reading time\" \/>\n\t<meta name=\"twitter:data1\" content=\"1 minute\" \/>\n<script type=\"application\/ld+json\" class=\"yoast-schema-graph\">{\"@context\":\"https:\/\/schema.org\",\"@graph\":[{\"@type\":\"WebPage\",\"@id\":\"https:\/\/ws2-test3.nextpool.com\/en\/invitation-to-the-nextpool-party\/\",\"url\":\"https:\/\/ws2-test3.nextpool.com\/en\/invitation-to-the-nextpool-party\/\",\"name\":\"Invitation to the Nextpool Party - Nextpool\",\"isPartOf\":{\"@id\":\"https:\/\/ws2-test3.nextpool.com\/en\/#website\"},\"datePublished\":\"2022-10-17T13:04:04+00:00\",\"dateModified\":\"2022-11-02T15:05:33+00:00\",\"breadcrumb\":{\"@id\":\"https:\/\/ws2-test3.nextpool.com\/en\/invitation-to-the-nextpool-party\/#breadcrumb\"},\"inLanguage\":\"en-US\",\"potentialAction\":[{\"@type\":\"ReadAction\",\"target\":[\"https:\/\/ws2-test3.nextpool.com\/en\/invitation-to-the-nextpool-party\/\"]}]},{\"@type\":\"BreadcrumbList\",\"@id\":\"https:\/\/ws2-test3.nextpool.com\/en\/invitation-to-the-nextpool-party\/#breadcrumb\",\"itemListElement\":[{\"@type\":\"ListItem\",\"position\":1,\"name\":\"Home\",\"item\":\"https:\/\/ws2-test3.nextpool.com\/en\/\"},{\"@type\":\"ListItem\",\"position\":2,\"name\":\"Invitation to the Nextpool Party\"}]},{\"@type\":\"WebSite\",\"@id\":\"https:\/\/ws2-test3.nextpool.com\/en\/#website\",\"url\":\"https:\/\/ws2-test3.nextpool.com\/en\/\",\"name\":\"Nextpool\",\"description\":\"Nextpool\",\"publisher\":{\"@id\":\"https:\/\/ws2-test3.nextpool.com\/en\/#organization\"},\"potentialAction\":[{\"@type\":\"SearchAction\",\"target\":{\"@type\":\"EntryPoint\",\"urlTemplate\":\"https:\/\/ws2-test3.nextpool.com\/en\/?s={search_term_string}\"},\"query-input\":{\"@type\":\"PropertyValueSpecification\",\"valueRequired\":true,\"valueName\":\"search_term_string\"}}],\"inLanguage\":\"en-US\"},{\"@type\":\"Organization\",\"@id\":\"https:\/\/ws2-test3.nextpool.com\/en\/#organization\",\"name\":\"Nextpool\",\"url\":\"https:\/\/ws2-test3.nextpool.com\/en\/\",\"logo\":{\"@type\":\"ImageObject\",\"inLanguage\":\"en-US\",\"@id\":\"https:\/\/ws2-test3.nextpool.com\/en\/#\/schema\/logo\/image\/\",\"url\":\"https:\/\/www.nextpool.com\/wp-content\/uploads\/2023\/10\/logo-nextpool-group-noir.png\",\"contentUrl\":\"https:\/\/www.nextpool.com\/wp-content\/uploads\/2023\/10\/logo-nextpool-group-noir.png\",\"width\":3505,\"height\":1191,\"caption\":\"Nextpool\"},\"image\":{\"@id\":\"https:\/\/ws2-test3.nextpool.com\/en\/#\/schema\/logo\/image\/\"},\"sameAs\":[\"https:\/\/www.facebook.com\/Nextpool\/\",\"https:\/\/www.linkedin.com\/company\/nextpool-group\"]}]}<\/script>\n<!-- \/ Yoast SEO plugin. -->","yoast_head_json":{"title":"Invitation to the Nextpool Party - Nextpool","robots":{"index":"noindex","follow":"follow","max-snippet":"max-snippet:-1","max-image-preview":"max-image-preview:large","max-video-preview":"max-video-preview:-1"},"og_locale":"en_US","og_type":"article","og_title":"Invitation to the Nextpool Party - Nextpool","og_description":"[vc_row full_width=&#8221;stretch_row&#8221; background_img=&#8221;3676&#8243; marge_interne_title=&#8221;&#8221; margin_externe_title=&#8221;&#8221; el_id=&#8221;ban_inte&#8221;][vc_column][\/vc_column][\/vc_row][vc_row my=&#8221;perso&#8221; mt=&#8221;aucun&#8221;][vc_column][\/vc_column][\/vc_row]","og_url":"https:\/\/ws2-test3.nextpool.com\/en\/invitation-to-the-nextpool-party\/","og_site_name":"Nextpool","article_publisher":"https:\/\/www.facebook.com\/Nextpool\/","article_modified_time":"2022-11-02T15:05:33+00:00","twitter_card":"summary_large_image","twitter_misc":{"Est. reading time":"1 minute"},"schema":{"@context":"https:\/\/schema.org","@graph":[{"@type":"WebPage","@id":"https:\/\/ws2-test3.nextpool.com\/en\/invitation-to-the-nextpool-party\/","url":"https:\/\/ws2-test3.nextpool.com\/en\/invitation-to-the-nextpool-party\/","name":"Invitation to the Nextpool Party - Nextpool","isPartOf":{"@id":"https:\/\/ws2-test3.nextpool.com\/en\/#website"},"datePublished":"2022-10-17T13:04:04+00:00","dateModified":"2022-11-02T15:05:33+00:00","breadcrumb":{"@id":"https:\/\/ws2-test3.nextpool.com\/en\/invitation-to-the-nextpool-party\/#breadcrumb"},"inLanguage":"en-US","potentialAction":[{"@type":"ReadAction","target":["https:\/\/ws2-test3.nextpool.com\/en\/invitation-to-the-nextpool-party\/"]}]},{"@type":"BreadcrumbList","@id":"https:\/\/ws2-test3.nextpool.com\/en\/invitation-to-the-nextpool-party\/#breadcrumb","itemListElement":[{"@type":"ListItem","position":1,"name":"Home","item":"https:\/\/ws2-test3.nextpool.com\/en\/"},{"@type":"ListItem","position":2,"name":"Invitation to the Nextpool Party"}]},{"@type":"WebSite","@id":"https:\/\/ws2-test3.nextpool.com\/en\/#website","url":"https:\/\/ws2-test3.nextpool.com\/en\/","name":"Nextpool","description":"Nextpool","publisher":{"@id":"https:\/\/ws2-test3.nextpool.com\/en\/#organization"},"potentialAction":[{"@type":"SearchAction","target":{"@type":"EntryPoint","urlTemplate":"https:\/\/ws2-test3.nextpool.com\/en\/?s={search_term_string}"},"query-input":{"@type":"PropertyValueSpecification","valueRequired":true,"valueName":"search_term_string"}}],"inLanguage":"en-US"},{"@type":"Organization","@id":"https:\/\/ws2-test3.nextpool.com\/en\/#organization","name":"Nextpool","url":"https:\/\/ws2-test3.nextpool.com\/en\/","logo":{"@type":"ImageObject","inLanguage":"en-US","@id":"https:\/\/ws2-test3.nextpool.com\/en\/#\/schema\/logo\/image\/","url":"https:\/\/www.nextpool.com\/wp-content\/uploads\/2023\/10\/logo-nextpool-group-noir.png","contentUrl":"https:\/\/www.nextpool.com\/wp-content\/uploads\/2023\/10\/logo-nextpool-group-noir.png","width":3505,"height":1191,"caption":"Nextpool"},"image":{"@id":"https:\/\/ws2-test3.nextpool.com\/en\/#\/schema\/logo\/image\/"},"sameAs":["https:\/\/www.facebook.com\/Nextpool\/","https:\/\/www.linkedin.com\/company\/nextpool-group"]}]}},"_links":{"self":[{"href":"https:\/\/ws2-test3.nextpool.com\/en\/wp-json\/wp\/v2\/pages\/3868","targetHints":{"allow":["GET"]}}],"collection":[{"href":"https:\/\/ws2-test3.nextpool.com\/en\/wp-json\/wp\/v2\/pages"}],"about":[{"href":"https:\/\/ws2-test3.nextpool.com\/en\/wp-json\/wp\/v2\/types\/page"}],"author":[{"embeddable":true,"href":"https:\/\/ws2-test3.nextpool.com\/en\/wp-json\/wp\/v2\/users\/3"}],"replies":[{"embeddable":true,"href":"https:\/\/ws2-test3.nextpool.com\/en\/wp-json\/wp\/v2\/comments?post=3868"}],"version-history":[{"count":5,"href":"https:\/\/ws2-test3.nextpool.com\/en\/wp-json\/wp\/v2\/pages\/3868\/revisions"}],"predecessor-version":[{"id":3884,"href":"https:\/\/ws2-test3.nextpool.com\/en\/wp-json\/wp\/v2\/pages\/3868\/revisions\/3884"}],"wp:attachment":[{"href":"https:\/\/ws2-test3.nextpool.com\/en\/wp-json\/wp\/v2\/media?parent=3868"}],"curies":[{"name":"wp","href":"https:\/\/api.w.org\/{rel}","templated":true}]}}