{"id":2444,"date":"2022-09-05T10:59:01","date_gmt":"2022-09-05T08:59:01","guid":{"rendered":"http:\/\/www.nextpool.com\/unete-a-nosotros\/candidatura-espontanea\/"},"modified":"2022-10-01T15:04:01","modified_gmt":"2022-10-01T13:04:01","slug":"candidatura-espontanea","status":"publish","type":"page","link":"https:\/\/ws2-test3.nextpool.com\/es\/unete-a-nosotros\/candidatura-espontanea\/","title":{"rendered":"Candidatura espont\u00e1nea"},"content":{"rendered":"<div class=\"wpb-content-wrapper\"><p>[vc_row full_width=\u00bbstretch_row\u00bb background_img=\u00bb735&#8243; el_id=\u00bbban_inte\u00bb][vc_column]<div class=\"text-bloc\"><h1 class=\"titre_1_blanc\" style=\"text-align: center;\">Candidatura espont\u00e1nea<\/h1>\n<\/div><div class=\"text-bloc breadcrumb\"><span><span><a href=\"https:\/\/ws2-test3.nextpool.com\/es\/\">Inicio<\/a><\/span><\/span>\n<\/div>[\/vc_column][\/vc_row][vc_row my=\u00bbperso\u00bb mt=\u00bbaucun\u00bb][vc_column]<div class=\"text-bloc\"><div class=\"frm_forms  with_frm_style frm_style_style-formidable\" id=\"frm_form_20_container\" data-token=\"0c200685fc54d5c03f6bdd695a6ce621\">\n<form enctype=\"multipart\/form-data\" method=\"post\" class=\"frm-show-form  frm_pro_form \" id=\"form_es-candidature_spontanee\" data-token=\"0c200685fc54d5c03f6bdd695a6ce621\">\n<div class=\"frm_form_fields \">\n<fieldset>\n<legend class=\"frm_screen_reader\">ES - Candidature spontan\u00e9e<\/legend>\r\n\r\n<div class=\"frm_fields_container\">\n<input type=\"hidden\" name=\"frm_action\" value=\"create\" \/>\n<input type=\"hidden\" name=\"form_id\" value=\"20\" \/>\n<input type=\"hidden\" name=\"frm_hide_fields_20\" id=\"frm_hide_fields_20\" value=\"\" \/>\n<input type=\"hidden\" name=\"form_key\" value=\"es-candidature_spontanee\" \/>\n<input type=\"hidden\" name=\"item_meta[0]\" value=\"\" \/>\n<input type=\"hidden\" id=\"frm_submit_entry_20\" name=\"frm_submit_entry_20\" value=\"b907ff60d7\" \/><input type=\"hidden\" name=\"_wp_http_referer\" value=\"\/es\/wp-json\/wp\/v2\/pages\/2444\" \/><div id=\"frm_field_210_container\" class=\"frm_form_field form-field  frm_top_container frm_fourth\">\r\n    <label for=\"field_2seae37\" id=\"field_2seae37_label\" class=\"frm_primary_label\">Estado civil\r\n        <span class=\"frm_required\" aria-hidden=\"true\"><\/span>\r\n    <\/label>\r\n    \t\t<select name=\"item_meta[210]\" id=\"field_2seae37\"  data-frmval=\"M.\" data-invmsg=\"Estado civil no es v\u00e1lido\" aria-invalid=\"false\"  >\n\t\t<option  value=\"Se\u00f1or\">Se\u00f1or<\/option><option  value=\"Se\u00f1ora\">Se\u00f1ora<\/option>\t<\/select>\n\t\r\n    \r\n    \r\n<\/div>\n<div id=\"frm_field_211_container\" class=\"frm_form_field form-field  frm_required_field frm_top_container frm6 frm_first\">\r\n    <label for=\"field_sow0137\" id=\"field_sow0137_label\" class=\"frm_primary_label\">Apellidos\r\n        <span class=\"frm_required\" aria-hidden=\"true\">*<\/span>\r\n    <\/label>\r\n    <input type=\"text\" id=\"field_sow0137\" name=\"item_meta[211]\" value=\"\"  data-reqmsg=\"Ce champ ne peut pas \u00eatre vide\" aria-required=\"true\" data-invmsg=\"texte est non valide\" aria-invalid=\"false\"  \/>\r\n    \r\n    \r\n<\/div>\n<div id=\"frm_field_212_container\" class=\"frm_form_field form-field  frm_required_field frm_top_container frm6\">\r\n    <label for=\"field_ltoxs37\" id=\"field_ltoxs37_label\" class=\"frm_primary_label\">Nombre\r\n        <span class=\"frm_required\" aria-hidden=\"true\">*<\/span>\r\n    <\/label>\r\n    <input type=\"text\" id=\"field_ltoxs37\" name=\"item_meta[212]\" value=\"\"  data-reqmsg=\"Ce champ ne peut pas \u00eatre vide\" aria-required=\"true\" data-invmsg=\"texte est non valide\" aria-invalid=\"false\"  \/>\r\n    \r\n    \r\n<\/div>\n<div id=\"frm_field_213_container\" class=\"frm_form_field form-field  frm_top_container frm6 frm_first\">\r\n    <label for=\"field_n438t37\" id=\"field_n438t37_label\" class=\"frm_primary_label\">N\u00famero de tel\u00e9fono\r\n        <span class=\"frm_required\" aria-hidden=\"true\"><\/span>\r\n    <\/label>\r\n    <input type=\"tel\" id=\"field_n438t37\" name=\"item_meta[213]\" value=\"\"  data-invmsg=\"T\u00e9l\u00e9phone est non valide\" aria-invalid=\"false\" pattern=\"((\\+\\d{1,3}(-|.| )?\\(?\\d\\)?(-| |.)?\\d{1,5})|(\\(?\\d{2,6}\\)?))(-|.| )?(\\d{3,4})(-|.| )?(\\d{4})(( x| ext)\\d{1,5}){0,1}$\"   aria-describedby=\"frm_desc_field_n438t37\"\/>\r\n    <div class=\"frm_description\" id=\"frm_desc_field_n438t37\">En formato 0601020304<\/div>\r\n    \r\n<\/div>\n<div id=\"frm_field_214_container\" class=\"frm_form_field form-field  frm_required_field frm_top_container frm6\">\r\n    <label for=\"field_p9ayy37\" id=\"field_p9ayy37_label\" class=\"frm_primary_label\">Email\r\n        <span class=\"frm_required\" aria-hidden=\"true\">*<\/span>\r\n    <\/label>\r\n    <input type=\"email\" id=\"field_p9ayy37\" name=\"item_meta[214]\" value=\"\"  data-reqmsg=\"Ce champ ne peut pas \u00eatre vide\" aria-required=\"true\" data-invmsg=\"Email est non valide\" aria-invalid=\"false\"  \/>\r\n    \r\n    \r\n<\/div>\n<div id=\"frm_field_215_container\" class=\"frm_form_field form-field  frm_required_field frm_top_container frm6 frm_first\">\r\n    <label for=\"field_s7g7137\" id=\"field_s7g7137_label\" class=\"frm_primary_label\">Puesto buscado\r\n        <span class=\"frm_required\" aria-hidden=\"true\">*<\/span>\r\n    <\/label>\r\n    <input type=\"text\" id=\"field_s7g7137\" name=\"item_meta[215]\" value=\"\"  data-reqmsg=\"Ce champ ne peut pas \u00eatre vide\" aria-required=\"true\" data-invmsg=\"texte est non valide\" aria-invalid=\"false\"  \/>\r\n    \r\n    \r\n<\/div>\n<div id=\"frm_field_216_container\" class=\"frm_form_field form-field  frm_top_container frm6\">\r\n    <label for=\"field_wpiie7\" id=\"field_wpiie7_label\" class=\"frm_primary_label\">Ubicaci\u00f3n buscada\r\n        <span class=\"frm_required\" aria-hidden=\"true\"><\/span>\r\n    <\/label>\r\n    \t\t<select name=\"item_meta[216]\" id=\"field_wpiie7\"  data-placeholder=\"Elegir ubicaci\u00f3n\"  placeholder=\"Elegir ubicaci\u00f3n\" data-invmsg=\"Ubicaci\u00f3n buscada no es v\u00e1lido\" aria-invalid=\"false\"  >\n\t\t<option  class=\"frm-select-placeholder\" value=\"\" data-placeholder=\"true\">Elegir ubicaci\u00f3n<\/option><option  value=\"Millau - Albig\u00e8s\">Millau - Albig\u00e8s<\/option><option  value=\"Saint Rambert d&#039;Albon - Albon\">Saint Rambert d&#039;Albon - Albon<\/option><option  value=\"Spay - Abriblue\/St\u00e9rilor\">Spay - Abriblue\/St\u00e9rilor<\/option><option  value=\"Valergues - Pool Technologies\">Valergues - Pool Technologies<\/option><option  value=\"Madrid - Nextpool Ib\u00e9rica\">Madrid - Nextpool Ib\u00e9rica<\/option><option  value=\"Rodgau - Nextpool Deutschland\">Rodgau - Nextpool Deutschland<\/option>\t<\/select>\n\t\r\n    \r\n    \r\n<\/div>\n<div id=\"frm_field_218_container\" class=\"frm_form_field form-field  frm_required_field frm_top_container frm6 frm_first\">\r\n    <label for=\"field_1po8n12\" id=\"field_1po8n12_label\" class=\"frm_primary_label\">CV\r\n        <span class=\"frm_required\" aria-hidden=\"true\">*<\/span>\r\n    <\/label>\r\n    <input type=\"hidden\"  data-reqmsg=\"Ce champ ne peut pas \u00eatre vide\" data-invmsg=\"CV est non valide\" aria-invalid=\"false\"   name=\"item_meta[218]\"  data-reqmsg=\"Ce champ ne peut pas \u00eatre vide\"  value=\"\" data-frmfile=\"218\" \/>\n\n<div class=\"frm_dropzone frm_single_upload frm_clearfix\" id=\"file218_dropzone\" role=\"group\" >\n\t<div class=\"fallback\">\n\t\t<input type=\"file\" name=\"file218\" id=\"field_1po8n12\"\n\t\t\t data-reqmsg=\"Ce champ ne peut pas \u00eatre vide\" data-invmsg=\"CV est non valide\" aria-invalid=\"false\"  \t\t\t\/>\n\t\t\t\t<div class=\"frm_clearfix \"><\/div>\n\t<\/div>\n\t<div class=\"dz-message needsclick\">\n\t\t\t\t<svg  viewBox=\"0 0 18 18\" class=\"frmsvg frm-svg-icon\">\n\t<path viewBox=\"0 0 18 18\" fill-rule=\"evenodd\" clip-rule=\"evenodd\" d=\"M8.2 4v8a.8.8 0 001.5 0V4l2.1 2.2A.7.7 0 1013 5L9.5 1.7a.7.7 0 00-1.1 0L5.1 5.2a.8.8 0 001 1l2.1-2zm7.6 4.3c.4 0 .7.3.7.7v6.8c0 .4-.3.7-.8.7H2.3a.8.8 0 01-.8-.8V9A.8.8 0 013 9v6h12V9c0-.4.3-.8.8-.8z\"><\/path>\n<\/svg>\t\t<span class=\"frm_upload_text\"><button type=\"button\" aria-label=\"CV. Suba un archivo aqu\u00ed o haga clic para descargarlo. Tama\u00f1o m\u00e1ximo del archivo: 209.72MB\">Suba un archivo aqu\u00ed o haga clic para descargarlo<\/button><\/span>\n\t\t<span class=\"frm_compact_text\"><button type=\"button\" aria-label=\"CV. . Tama\u00f1o m\u00e1ximo del archivo: 209.72MB\"><\/button><\/span>\n\t\t<div class=\"frm_small_text\">\n\t\t\t<p>Tama\u00f1o m\u00e1ximo del archivo: 209.72MB<\/p>\n\t\t<\/div>\n\t<\/div>\n<\/div>\n\t\r\n    \r\n    \r\n<\/div>\n<div id=\"frm_field_220_container\" class=\"frm_form_field form-field  frm_required_field frm_top_container frm6\">\r\n    <label for=\"field_kk4ub12\" id=\"field_kk4ub12_label\" class=\"frm_primary_label\">Carta de presentaci\u00f3n\r\n        <span class=\"frm_required\" aria-hidden=\"true\">*<\/span>\r\n    <\/label>\r\n    <input type=\"hidden\"  data-reqmsg=\"Ce champ ne peut pas \u00eatre vide\" data-invmsg=\"Carta de presentaci\u00f3n est non valide\" aria-invalid=\"false\"   name=\"item_meta[220]\"  data-reqmsg=\"Ce champ ne peut pas \u00eatre vide\"  value=\"\" data-frmfile=\"220\" \/>\n\n<div class=\"frm_dropzone frm_single_upload frm_clearfix\" id=\"file220_dropzone\" role=\"group\" >\n\t<div class=\"fallback\">\n\t\t<input type=\"file\" name=\"file220\" id=\"field_kk4ub12\"\n\t\t\t data-reqmsg=\"Ce champ ne peut pas \u00eatre vide\" data-invmsg=\"Carta de presentaci\u00f3n est non valide\" aria-invalid=\"false\"  \t\t\t\/>\n\t\t\t\t<div class=\"frm_clearfix \"><\/div>\n\t<\/div>\n\t<div class=\"dz-message needsclick\">\n\t\t\t\t<svg  viewBox=\"0 0 18 18\" class=\"frmsvg frm-svg-icon\">\n\t<path viewBox=\"0 0 18 18\" fill-rule=\"evenodd\" clip-rule=\"evenodd\" d=\"M8.2 4v8a.8.8 0 001.5 0V4l2.1 2.2A.7.7 0 1013 5L9.5 1.7a.7.7 0 00-1.1 0L5.1 5.2a.8.8 0 001 1l2.1-2zm7.6 4.3c.4 0 .7.3.7.7v6.8c0 .4-.3.7-.8.7H2.3a.8.8 0 01-.8-.8V9A.8.8 0 013 9v6h12V9c0-.4.3-.8.8-.8z\"><\/path>\n<\/svg>\t\t<span class=\"frm_upload_text\"><button type=\"button\" aria-label=\"Carta de presentaci\u00f3n. Suba un archivo aqu\u00ed o haga clic para descargarlo. Tama\u00f1o m\u00e1ximo del archivo: 209.72MB\">Suba un archivo aqu\u00ed o haga clic para descargarlo<\/button><\/span>\n\t\t<span class=\"frm_compact_text\"><button type=\"button\" aria-label=\"Carta de presentaci\u00f3n. . Tama\u00f1o m\u00e1ximo del archivo: 209.72MB\"><\/button><\/span>\n\t\t<div class=\"frm_small_text\">\n\t\t\t<p>Tama\u00f1o m\u00e1ximo del archivo: 209.72MB<\/p>\n\t\t<\/div>\n\t<\/div>\n<\/div>\n\t\r\n    \r\n    \r\n<\/div>\n<div id=\"frm_field_223_container\" class=\"frm_form_field form-field  frm_required_field frm_top_container\">\r\n    <label for=\"field_wm12537\" id=\"field_wm12537_label\" class=\"frm_primary_label\">Mensaje\r\n        <span class=\"frm_required\" aria-hidden=\"true\">*<\/span>\r\n    <\/label>\r\n    <textarea name=\"item_meta[223]\" id=\"field_wm12537\" rows=\"14\"  data-reqmsg=\"Ce champ ne peut pas \u00eatre vide\" aria-required=\"true\" data-invmsg=\"Mensaje no es v\u00e1lido\" aria-invalid=\"false\"  ><\/textarea>\r\n    \r\n    \r\n<\/div>\n<div id=\"frm_field_225_container\" class=\"frm_form_field form-field  frm_top_container confidentialite vertical_radio\">\r\n    <div  id=\"field_c04k637_label\" class=\"frm_primary_label\">Nextpool recoge estos datos para responder a su solicitud de acuerdo con su <a href=\"http:\/\/www.nextpool.com\/es\/politica-de-confidencialidad\/\" target=\"_blank\">pol\u00edtica de privacidad<\/a>. Tambi\u00e9n nos gustar\u00eda utilizar su direcci\u00f3n de correo electr\u00f3nico para enviarle comunicaciones sobre nuestros productos (novedades). Para recibirlas, marque la casilla siguiente:\r\n        <span class=\"frm_required\" aria-hidden=\"true\"><\/span>\r\n    <\/div>\r\n    <div class=\"frm_opt_container\" aria-labelledby=\"field_c04k637_label\" role=\"group\">\t\t<div class=\"frm_checkbox\" id=\"frm_checkbox_225-0\">\t\t\t<label  for=\"field_c04k637-0\">\n\t\t\t<input type=\"checkbox\" name=\"item_meta[225][]\" id=\"field_c04k637-0\" value=\"S\u00ed, me gustar\u00eda recibir comunicaciones de Nextpool y sus marcas asociadas.\"  data-invmsg=\"Nextpool recoge estos datos para responder a su solicitud de acuerdo con su &lt;a href=&quot;http:\/\/www.nextpool.com\/es\/politica-de-confidencialidad\/&quot; target=&quot;_blank&quot;&gt;pol\u00edtica de privacidad&lt;\/a&gt;. Tambi\u00e9n nos gustar\u00eda utilizar su direcci\u00f3n de correo electr\u00f3nico para enviarle comunicaciones sobre nuestros productos (novedades). Para recibirlas, marque la casilla siguiente: no es v\u00e1lido\"   \/> S\u00ed, me gustar\u00eda recibir comunicaciones de Nextpool y sus marcas asociadas.<\/label><\/div>\n<\/div>\r\n    \r\n    \r\n<\/div>\n\t<input type=\"hidden\" name=\"item_key\" value=\"\" \/>\n\t\t\t<div id=\"frm_field_471_container\">\n\t\t\t<label for=\"field_c8tnh\" >\n\t\t\t\tSi eres humano, deja este campo en blanco.\t\t\t<\/label>\n\t\t\t<input  id=\"field_c8tnh\" type=\"text\" class=\"frm_form_field form-field frm_verify\" name=\"item_meta[471]\" value=\"\"  \/>\n\t\t<\/div>\n\t\t<input name=\"frm_state\" type=\"hidden\" value=\"VAmR8PBk\/PY9+jpljaAEcYPow3OuVmbfThHF5ywvDPlK8ZeryBXHwmddH61yF5P3\" \/><div class=\"frm_submit\">\r\n\r\n<button class=\"frm_button_submit frm_final_submit\" type=\"submit\"   formnovalidate=\"formnovalidate\">ENVIAR<\/button>\r\n\r\n\r\n<\/div><\/div>\n<\/fieldset>\n<\/div>\n\n<p style=\"display: none !important;\" class=\"akismet-fields-container\" data-prefix=\"ak_\"><label>&#916;<textarea name=\"ak_hp_textarea\" cols=\"45\" rows=\"8\" maxlength=\"100\"><\/textarea><\/label><input type=\"hidden\" id=\"ak_js_1\" name=\"ak_js\" value=\"38\"\/><script>document.getElementById( \"ak_js_1\" ).setAttribute( \"value\", ( new Date() ).getTime() );<\/script><\/p><\/form>\n<\/div>\n\n<\/div>[\/vc_column][\/vc_row]<\/p>\n<\/div>","protected":false},"excerpt":{"rendered":"<p>[vc_row full_width=\u00bbstretch_row\u00bb background_img=\u00bb735&#8243; el_id=\u00bbban_inte\u00bb][vc_column][\/vc_column][\/vc_row][vc_row my=\u00bbperso\u00bb mt=\u00bbaucun\u00bb][vc_column][\/vc_column][\/vc_row]<\/p>\n","protected":false},"author":2,"featured_media":0,"parent":2395,"menu_order":0,"comment_status":"closed","ping_status":"closed","template":"","meta":{"_acf_changed":false,"footnotes":""},"class_list":["post-2444","page","type-page","status-publish","hentry"],"acf":[],"yoast_head":"<!-- This site is optimized with the Yoast SEO plugin v24.4 - https:\/\/yoast.com\/wordpress\/plugins\/seo\/ -->\n<title>Candidatura espont\u00e1nea - Nextpool<\/title>\n<meta name=\"robots\" content=\"noindex, follow, max-snippet:-1, max-image-preview:large, max-video-preview:-1\" \/>\n<meta property=\"og:locale\" content=\"es_ES\" \/>\n<meta property=\"og:type\" content=\"article\" \/>\n<meta property=\"og:title\" content=\"Candidatura espont\u00e1nea - Nextpool\" \/>\n<meta property=\"og:description\" content=\"[vc_row full_width=\u00bbstretch_row\u00bb background_img=\u00bb735&#8243; el_id=\u00bbban_inte\u00bb][vc_column][\/vc_column][\/vc_row][vc_row my=\u00bbperso\u00bb mt=\u00bbaucun\u00bb][vc_column][\/vc_column][\/vc_row]\" \/>\n<meta property=\"og:url\" content=\"https:\/\/ws2-test3.nextpool.com\/es\/unete-a-nosotros\/candidatura-espontanea\/\" \/>\n<meta property=\"og:site_name\" content=\"Nextpool\" \/>\n<meta property=\"article:publisher\" content=\"https:\/\/www.facebook.com\/Nextpool\/\" \/>\n<meta property=\"article:modified_time\" content=\"2022-10-01T13:04:01+00:00\" \/>\n<meta name=\"twitter:card\" content=\"summary_large_image\" \/>\n<meta name=\"twitter:label1\" content=\"Tiempo de lectura\" \/>\n\t<meta name=\"twitter:data1\" content=\"1 minuto\" \/>\n<script type=\"application\/ld+json\" class=\"yoast-schema-graph\">{\"@context\":\"https:\/\/schema.org\",\"@graph\":[{\"@type\":\"WebPage\",\"@id\":\"https:\/\/ws2-test3.nextpool.com\/es\/unete-a-nosotros\/candidatura-espontanea\/\",\"url\":\"https:\/\/ws2-test3.nextpool.com\/es\/unete-a-nosotros\/candidatura-espontanea\/\",\"name\":\"Candidatura espont\u00e1nea - Nextpool\",\"isPartOf\":{\"@id\":\"https:\/\/ws2-test3.nextpool.com\/es\/#website\"},\"datePublished\":\"2022-09-05T08:59:01+00:00\",\"dateModified\":\"2022-10-01T13:04:01+00:00\",\"breadcrumb\":{\"@id\":\"https:\/\/ws2-test3.nextpool.com\/es\/unete-a-nosotros\/candidatura-espontanea\/#breadcrumb\"},\"inLanguage\":\"es\",\"potentialAction\":[{\"@type\":\"ReadAction\",\"target\":[\"https:\/\/ws2-test3.nextpool.com\/es\/unete-a-nosotros\/candidatura-espontanea\/\"]}]},{\"@type\":\"BreadcrumbList\",\"@id\":\"https:\/\/ws2-test3.nextpool.com\/es\/unete-a-nosotros\/candidatura-espontanea\/#breadcrumb\",\"itemListElement\":[{\"@type\":\"ListItem\",\"position\":1,\"name\":\"Inicio\",\"item\":\"https:\/\/ws2-test3.nextpool.com\/es\/\"},{\"@type\":\"ListItem\",\"position\":2,\"name\":\"\u00danete a nosotros\",\"item\":\"https:\/\/ws2-test3.nextpool.com\/es\/nous-rejoindre\/\"},{\"@type\":\"ListItem\",\"position\":3,\"name\":\"Candidatura espont\u00e1nea\"}]},{\"@type\":\"WebSite\",\"@id\":\"https:\/\/ws2-test3.nextpool.com\/es\/#website\",\"url\":\"https:\/\/ws2-test3.nextpool.com\/es\/\",\"name\":\"Nextpool\",\"description\":\"Nextpool\",\"publisher\":{\"@id\":\"https:\/\/ws2-test3.nextpool.com\/es\/#organization\"},\"potentialAction\":[{\"@type\":\"SearchAction\",\"target\":{\"@type\":\"EntryPoint\",\"urlTemplate\":\"https:\/\/ws2-test3.nextpool.com\/es\/?s={search_term_string}\"},\"query-input\":{\"@type\":\"PropertyValueSpecification\",\"valueRequired\":true,\"valueName\":\"search_term_string\"}}],\"inLanguage\":\"es\"},{\"@type\":\"Organization\",\"@id\":\"https:\/\/ws2-test3.nextpool.com\/es\/#organization\",\"name\":\"Nextpool\",\"url\":\"https:\/\/ws2-test3.nextpool.com\/es\/\",\"logo\":{\"@type\":\"ImageObject\",\"inLanguage\":\"es\",\"@id\":\"https:\/\/ws2-test3.nextpool.com\/es\/#\/schema\/logo\/image\/\",\"url\":\"https:\/\/www.nextpool.com\/wp-content\/uploads\/2023\/10\/logo-nextpool-group-noir.png\",\"contentUrl\":\"https:\/\/www.nextpool.com\/wp-content\/uploads\/2023\/10\/logo-nextpool-group-noir.png\",\"width\":3505,\"height\":1191,\"caption\":\"Nextpool\"},\"image\":{\"@id\":\"https:\/\/ws2-test3.nextpool.com\/es\/#\/schema\/logo\/image\/\"},\"sameAs\":[\"https:\/\/www.facebook.com\/Nextpool\/\",\"https:\/\/www.linkedin.com\/company\/nextpool-group\"]}]}<\/script>\n<!-- \/ Yoast SEO plugin. -->","yoast_head_json":{"title":"Candidatura espont\u00e1nea - Nextpool","robots":{"index":"noindex","follow":"follow","max-snippet":"max-snippet:-1","max-image-preview":"max-image-preview:large","max-video-preview":"max-video-preview:-1"},"og_locale":"es_ES","og_type":"article","og_title":"Candidatura espont\u00e1nea - Nextpool","og_description":"[vc_row full_width=\u00bbstretch_row\u00bb background_img=\u00bb735&#8243; el_id=\u00bbban_inte\u00bb][vc_column][\/vc_column][\/vc_row][vc_row my=\u00bbperso\u00bb mt=\u00bbaucun\u00bb][vc_column][\/vc_column][\/vc_row]","og_url":"https:\/\/ws2-test3.nextpool.com\/es\/unete-a-nosotros\/candidatura-espontanea\/","og_site_name":"Nextpool","article_publisher":"https:\/\/www.facebook.com\/Nextpool\/","article_modified_time":"2022-10-01T13:04:01+00:00","twitter_card":"summary_large_image","twitter_misc":{"Tiempo de lectura":"1 minuto"},"schema":{"@context":"https:\/\/schema.org","@graph":[{"@type":"WebPage","@id":"https:\/\/ws2-test3.nextpool.com\/es\/unete-a-nosotros\/candidatura-espontanea\/","url":"https:\/\/ws2-test3.nextpool.com\/es\/unete-a-nosotros\/candidatura-espontanea\/","name":"Candidatura espont\u00e1nea - Nextpool","isPartOf":{"@id":"https:\/\/ws2-test3.nextpool.com\/es\/#website"},"datePublished":"2022-09-05T08:59:01+00:00","dateModified":"2022-10-01T13:04:01+00:00","breadcrumb":{"@id":"https:\/\/ws2-test3.nextpool.com\/es\/unete-a-nosotros\/candidatura-espontanea\/#breadcrumb"},"inLanguage":"es","potentialAction":[{"@type":"ReadAction","target":["https:\/\/ws2-test3.nextpool.com\/es\/unete-a-nosotros\/candidatura-espontanea\/"]}]},{"@type":"BreadcrumbList","@id":"https:\/\/ws2-test3.nextpool.com\/es\/unete-a-nosotros\/candidatura-espontanea\/#breadcrumb","itemListElement":[{"@type":"ListItem","position":1,"name":"Inicio","item":"https:\/\/ws2-test3.nextpool.com\/es\/"},{"@type":"ListItem","position":2,"name":"\u00danete a nosotros","item":"https:\/\/ws2-test3.nextpool.com\/es\/nous-rejoindre\/"},{"@type":"ListItem","position":3,"name":"Candidatura espont\u00e1nea"}]},{"@type":"WebSite","@id":"https:\/\/ws2-test3.nextpool.com\/es\/#website","url":"https:\/\/ws2-test3.nextpool.com\/es\/","name":"Nextpool","description":"Nextpool","publisher":{"@id":"https:\/\/ws2-test3.nextpool.com\/es\/#organization"},"potentialAction":[{"@type":"SearchAction","target":{"@type":"EntryPoint","urlTemplate":"https:\/\/ws2-test3.nextpool.com\/es\/?s={search_term_string}"},"query-input":{"@type":"PropertyValueSpecification","valueRequired":true,"valueName":"search_term_string"}}],"inLanguage":"es"},{"@type":"Organization","@id":"https:\/\/ws2-test3.nextpool.com\/es\/#organization","name":"Nextpool","url":"https:\/\/ws2-test3.nextpool.com\/es\/","logo":{"@type":"ImageObject","inLanguage":"es","@id":"https:\/\/ws2-test3.nextpool.com\/es\/#\/schema\/logo\/image\/","url":"https:\/\/www.nextpool.com\/wp-content\/uploads\/2023\/10\/logo-nextpool-group-noir.png","contentUrl":"https:\/\/www.nextpool.com\/wp-content\/uploads\/2023\/10\/logo-nextpool-group-noir.png","width":3505,"height":1191,"caption":"Nextpool"},"image":{"@id":"https:\/\/ws2-test3.nextpool.com\/es\/#\/schema\/logo\/image\/"},"sameAs":["https:\/\/www.facebook.com\/Nextpool\/","https:\/\/www.linkedin.com\/company\/nextpool-group"]}]}},"_links":{"self":[{"href":"https:\/\/ws2-test3.nextpool.com\/es\/wp-json\/wp\/v2\/pages\/2444","targetHints":{"allow":["GET"]}}],"collection":[{"href":"https:\/\/ws2-test3.nextpool.com\/es\/wp-json\/wp\/v2\/pages"}],"about":[{"href":"https:\/\/ws2-test3.nextpool.com\/es\/wp-json\/wp\/v2\/types\/page"}],"author":[{"embeddable":true,"href":"https:\/\/ws2-test3.nextpool.com\/es\/wp-json\/wp\/v2\/users\/2"}],"replies":[{"embeddable":true,"href":"https:\/\/ws2-test3.nextpool.com\/es\/wp-json\/wp\/v2\/comments?post=2444"}],"version-history":[{"count":3,"href":"https:\/\/ws2-test3.nextpool.com\/es\/wp-json\/wp\/v2\/pages\/2444\/revisions"}],"predecessor-version":[{"id":2892,"href":"https:\/\/ws2-test3.nextpool.com\/es\/wp-json\/wp\/v2\/pages\/2444\/revisions\/2892"}],"up":[{"embeddable":true,"href":"https:\/\/ws2-test3.nextpool.com\/es\/wp-json\/wp\/v2\/pages\/2395"}],"wp:attachment":[{"href":"https:\/\/ws2-test3.nextpool.com\/es\/wp-json\/wp\/v2\/media?parent=2444"}],"curies":[{"name":"wp","href":"https:\/\/api.w.org\/{rel}","templated":true}]}}