{"id":2159,"date":"2022-09-05T14:25:42","date_gmt":"2022-09-05T12:25:42","guid":{"rendered":"http:\/\/www.nextpool.com\/junte-se-a-nos\/candidate-se-online\/"},"modified":"2022-10-05T15:26:17","modified_gmt":"2022-10-05T13:26:17","slug":"candidate-se-online","status":"publish","type":"page","link":"https:\/\/ws2-test3.nextpool.com\/pt-pt\/junte-se-a-nos\/candidate-se-online\/","title":{"rendered":"Candidate-se online"},"content":{"rendered":"<div class=\"wpb-content-wrapper\"><p>[vc_row full_width=&#8221;stretch_row&#8221; background_img=&#8221;735&#8243; el_id=&#8221;ban_inte&#8221;][vc_column]<div class=\"text-bloc\"><h1 class=\"titre_1_blanc\" style=\"text-align: center;\">Candidate-se online<\/h1>\n<\/div><div class=\"text-bloc breadcrumb\"><span><span><a href=\"https:\/\/ws2-test3.nextpool.com\/pt-pt\/\">P\u00e1gina inicial<\/a><\/span><\/span>\n<\/div>[\/vc_column][\/vc_row][vc_row my=&#8221;perso&#8221; mt=&#8221;aucun&#8221;][vc_column]<div class=\"text-bloc\"><div class=\"frm_forms  with_frm_style frm_style_style-formidable\" id=\"frm_form_13_container\" data-token=\"0c200685fc54d5c03f6bdd695a6ce621\">\n<form enctype=\"multipart\/form-data\" method=\"post\" class=\"frm-show-form  frm_pro_form \" id=\"form_po-reponse_offre\" data-token=\"0c200685fc54d5c03f6bdd695a6ce621\">\n<div class=\"frm_form_fields \">\n<fieldset>\n<legend class=\"frm_screen_reader\">PO - R\u00e9ponse offre emploi<\/legend>\r\n\r\n<div class=\"frm_fields_container\">\n<input type=\"hidden\" name=\"frm_action\" value=\"create\" \/>\n<input type=\"hidden\" name=\"form_id\" value=\"13\" \/>\n<input type=\"hidden\" name=\"frm_hide_fields_13\" id=\"frm_hide_fields_13\" value=\"\" \/>\n<input type=\"hidden\" name=\"form_key\" value=\"po-reponse_offre\" \/>\n<input type=\"hidden\" name=\"item_meta[0]\" value=\"\" \/>\n<input type=\"hidden\" id=\"frm_submit_entry_13\" name=\"frm_submit_entry_13\" value=\"b907ff60d7\" \/><input type=\"hidden\" name=\"_wp_http_referer\" value=\"\/pt-pt\/wp-json\/wp\/v2\/pages\/2159\" \/><div id=\"frm_field_135_container\" class=\"frm_form_field form-field  frm_top_container frm_fourth\">\r\n    <label for=\"field_2seae9\" id=\"field_2seae9_label\" class=\"frm_primary_label\">T\u00edtulo\r\n        <span class=\"frm_required\" aria-hidden=\"true\"><\/span>\r\n    <\/label>\r\n    \t\t<select name=\"item_meta[135]\" id=\"field_2seae9\"  data-frmval=\"M.\" data-invmsg=\"T\u00edtulo is invalid\" aria-invalid=\"false\"  >\n\t\t<option  value=\"Senhor\">Senhor<\/option><option  value=\"Senhora\">Senhora<\/option>\t<\/select>\n\t\r\n    \r\n    \r\n<\/div>\n<div id=\"frm_field_136_container\" class=\"frm_form_field form-field  frm_required_field frm_top_container frm6 frm_first\">\r\n    <label for=\"field_sow019\" id=\"field_sow019_label\" class=\"frm_primary_label\">Apelido\r\n        <span class=\"frm_required\" aria-hidden=\"true\">*<\/span>\r\n    <\/label>\r\n    <input type=\"text\" id=\"field_sow019\" name=\"item_meta[136]\" value=\"\"  data-reqmsg=\"Ce champ ne peut pas \u00eatre vide\" aria-required=\"true\" data-invmsg=\"texte est non valide\" aria-invalid=\"false\"  \/>\r\n    \r\n    \r\n<\/div>\n<div id=\"frm_field_137_container\" class=\"frm_form_field form-field  frm_required_field frm_top_container frm6\">\r\n    <label for=\"field_ltoxs9\" id=\"field_ltoxs9_label\" class=\"frm_primary_label\">Nome\r\n        <span class=\"frm_required\" aria-hidden=\"true\">*<\/span>\r\n    <\/label>\r\n    <input type=\"text\" id=\"field_ltoxs9\" name=\"item_meta[137]\" value=\"\"  data-reqmsg=\"Ce champ ne peut pas \u00eatre vide\" aria-required=\"true\" data-invmsg=\"texte est non valide\" aria-invalid=\"false\"  \/>\r\n    \r\n    \r\n<\/div>\n<div id=\"frm_field_138_container\" class=\"frm_form_field form-field  frm_top_container frm6 frm_first\">\r\n    <label for=\"field_n438t9\" id=\"field_n438t9_label\" class=\"frm_primary_label\">N\u00famero de telefone\r\n        <span class=\"frm_required\" aria-hidden=\"true\"><\/span>\r\n    <\/label>\r\n    <input type=\"tel\" id=\"field_n438t9\" name=\"item_meta[138]\" value=\"\"  data-invmsg=\"T\u00e9l\u00e9phone est non valide\" aria-invalid=\"false\" pattern=\"((\\+\\d{1,3}(-|.| )?\\(?\\d\\)?(-| |.)?\\d{1,5})|(\\(?\\d{2,6}\\)?))(-|.| )?(\\d{3,4})(-|.| )?(\\d{4})(( x| ext)\\d{1,5}){0,1}$\"   aria-describedby=\"frm_desc_field_n438t9\"\/>\r\n    <div class=\"frm_description\" id=\"frm_desc_field_n438t9\">No formato 912030405<\/div>\r\n    \r\n<\/div>\n<div id=\"frm_field_139_container\" class=\"frm_form_field form-field  frm_required_field frm_top_container frm6\">\r\n    <label for=\"field_p9ayy9\" id=\"field_p9ayy9_label\" class=\"frm_primary_label\">Email\r\n        <span class=\"frm_required\" aria-hidden=\"true\">*<\/span>\r\n    <\/label>\r\n    <input type=\"email\" id=\"field_p9ayy9\" name=\"item_meta[139]\" value=\"\"  data-reqmsg=\"Ce champ ne peut pas \u00eatre vide\" aria-required=\"true\" data-invmsg=\"Email est non valide\" aria-invalid=\"false\"  \/>\r\n    \r\n    \r\n<\/div>\n<div id=\"frm_field_293_container\" class=\"frm_form_field form-field  frm_required_field frm_top_container frm6 frm_first\">\r\n    <label for=\"field_ubba\" id=\"field_ubba_label\" class=\"frm_primary_label\">Emprego\r\n        <span class=\"frm_required\" aria-hidden=\"true\">*<\/span>\r\n    <\/label>\r\n    <input type=\"text\" id=\"field_ubba\" name=\"item_meta[293]\" value=\"\"  data-reqmsg=\"Ce champ ne peut pas \u00eatre vide\" aria-required=\"true\" data-invmsg=\"texte est non valide\" aria-invalid=\"false\"  \/>\r\n    \r\n    \r\n<\/div>\n<div id=\"frm_field_140_container\" class=\"frm_form_field form-field  frm_required_field frm_top_container frm6\">\r\n    <label for=\"field_s7g719\" id=\"field_s7g719_label\" class=\"frm_primary_label\">Refer\u00eancia do cargo\r\n        <span class=\"frm_required\" aria-hidden=\"true\">*<\/span>\r\n    <\/label>\r\n    <input type=\"text\" id=\"field_s7g719\" name=\"item_meta[140]\" value=\"\"  data-reqmsg=\"Ce champ ne peut pas \u00eatre vide\" aria-required=\"true\" data-invmsg=\"texte est non valide\" aria-invalid=\"false\"  \/>\r\n    \r\n    \r\n<\/div>\n<div id=\"frm_field_141_container\" class=\"frm_form_field form-field  frm_required_field frm_top_container frm6 frm_first\">\r\n    <label for=\"field_1po8n8\" id=\"field_1po8n8_label\" class=\"frm_primary_label\">CV\r\n        <span class=\"frm_required\" aria-hidden=\"true\">*<\/span>\r\n    <\/label>\r\n    <input type=\"hidden\"  data-reqmsg=\"Ce champ ne peut pas \u00eatre vide\" data-invmsg=\"T\u00e9l\u00e9versement de fichier est non valide\" class=\"auto_width\" aria-invalid=\"false\"   name=\"item_meta[141]\"  data-reqmsg=\"Ce champ ne peut pas \u00eatre vide\"  value=\"\" data-frmfile=\"141\" \/>\n\n<div class=\"frm_dropzone frm_single_upload frm_clearfix\" id=\"file141_dropzone\" role=\"group\" >\n\t<div class=\"fallback\">\n\t\t<input type=\"file\" name=\"file141\" id=\"field_1po8n8\"\n\t\t\t data-reqmsg=\"Ce champ ne peut pas \u00eatre vide\" data-invmsg=\"T\u00e9l\u00e9versement de fichier est non valide\" class=\"auto_width\" aria-invalid=\"false\"  \t\t\t\/>\n\t\t\t\t<div class=\"frm_clearfix \"><\/div>\n\t<\/div>\n\t<div class=\"dz-message needsclick\">\n\t\t\t\t<svg  viewBox=\"0 0 18 18\" class=\"frmsvg frm-svg-icon\">\n\t<path viewBox=\"0 0 18 18\" fill-rule=\"evenodd\" clip-rule=\"evenodd\" d=\"M8.2 4v8a.8.8 0 001.5 0V4l2.1 2.2A.7.7 0 1013 5L9.5 1.7a.7.7 0 00-1.1 0L5.1 5.2a.8.8 0 001 1l2.1-2zm7.6 4.3c.4 0 .7.3.7.7v6.8c0 .4-.3.7-.8.7H2.3a.8.8 0 01-.8-.8V9A.8.8 0 013 9v6h12V9c0-.4.3-.8.8-.8z\"><\/path>\n<\/svg>\t\t<span class=\"frm_upload_text\"><button type=\"button\" aria-label=\"CV. Carregue um ficheiro aqui ou clique para descarregar:. Maximum file size: 5MB\">Carregue um ficheiro aqui ou clique para descarregar:<\/button><\/span>\n\t\t<span class=\"frm_compact_text\"><button type=\"button\" aria-label=\"CV. . Maximum file size: 5MB\"><\/button><\/span>\n\t\t<div class=\"frm_small_text\">\n\t\t\t<p>Maximum file size: 5MB<\/p>\n\t\t<\/div>\n\t<\/div>\n<\/div>\n\t\r\n    \r\n    \r\n<\/div>\n<div id=\"frm_field_142_container\" class=\"frm_form_field form-field  frm_required_field frm_top_container frm6 frm6\">\r\n    <label for=\"field_kk4ub8\" id=\"field_kk4ub8_label\" class=\"frm_primary_label\">Carta de apresenta\u00e7\u00e3o\r\n        <span class=\"frm_required\" aria-hidden=\"true\">*<\/span>\r\n    <\/label>\r\n    <input type=\"hidden\"  data-reqmsg=\"Ce champ ne peut pas \u00eatre vide\" data-invmsg=\"Carta de apresenta\u00e7\u00e3o est non valide\" aria-invalid=\"false\"   name=\"item_meta[142]\"  data-reqmsg=\"Ce champ ne peut pas \u00eatre vide\"  value=\"\" data-frmfile=\"142\" \/>\n\n<div class=\"frm_dropzone frm_single_upload frm_clearfix\" id=\"file142_dropzone\" role=\"group\" >\n\t<div class=\"fallback\">\n\t\t<input type=\"file\" name=\"file142\" id=\"field_kk4ub8\"\n\t\t\t data-reqmsg=\"Ce champ ne peut pas \u00eatre vide\" data-invmsg=\"Carta de apresenta\u00e7\u00e3o est non valide\" aria-invalid=\"false\"  \t\t\t\/>\n\t\t\t\t<div class=\"frm_clearfix \"><\/div>\n\t<\/div>\n\t<div class=\"dz-message needsclick\">\n\t\t\t\t<svg  viewBox=\"0 0 18 18\" class=\"frmsvg frm-svg-icon\">\n\t<path viewBox=\"0 0 18 18\" fill-rule=\"evenodd\" clip-rule=\"evenodd\" d=\"M8.2 4v8a.8.8 0 001.5 0V4l2.1 2.2A.7.7 0 1013 5L9.5 1.7a.7.7 0 00-1.1 0L5.1 5.2a.8.8 0 001 1l2.1-2zm7.6 4.3c.4 0 .7.3.7.7v6.8c0 .4-.3.7-.8.7H2.3a.8.8 0 01-.8-.8V9A.8.8 0 013 9v6h12V9c0-.4.3-.8.8-.8z\"><\/path>\n<\/svg>\t\t<span class=\"frm_upload_text\"><button type=\"button\" aria-label=\"Carta de apresenta\u00e7\u00e3o. Carregue um ficheiro aqui ou clique para descarregar:. Maximum file size: 209.72MB\">Carregue um ficheiro aqui ou clique para descarregar:<\/button><\/span>\n\t\t<span class=\"frm_compact_text\"><button type=\"button\" aria-label=\"Carta de apresenta\u00e7\u00e3o. . Maximum file size: 209.72MB\"><\/button><\/span>\n\t\t<div class=\"frm_small_text\">\n\t\t\t<p>Maximum file size: 209.72MB<\/p>\n\t\t<\/div>\n\t<\/div>\n<\/div>\n\t\r\n    \r\n    \r\n<\/div>\n<div id=\"frm_field_143_container\" class=\"frm_form_field form-field  frm_required_field frm_top_container\">\r\n    <label for=\"field_wm1259\" id=\"field_wm1259_label\" class=\"frm_primary_label\">Mensagem\r\n        <span class=\"frm_required\" aria-hidden=\"true\">*<\/span>\r\n    <\/label>\r\n    <textarea name=\"item_meta[143]\" id=\"field_wm1259\" rows=\"14\"  data-reqmsg=\"Ce champ ne peut pas \u00eatre vide\" aria-required=\"true\" data-invmsg=\"Mensagem is invalid\" aria-invalid=\"false\"  ><\/textarea>\r\n    \r\n    \r\n<\/div>\n<div id=\"frm_field_144_container\" class=\"frm_form_field form-field  frm_top_container confidentialite vertical_radio\">\r\n    <div  id=\"field_c04k69_label\" class=\"frm_primary_label\">A Nextpool recolhe estes dados a fim de responder ao seu pedido, em conformidade com a sua <a href=\"http:\/\/www.nextpool.com\/pt-pt\/politica-de-privacidade\/\">pol\u00edtica de privacidade<\/a>. Gostar\u00edamos tamb\u00e9m de utilizar o seu endere\u00e7o eletr\u00f3nico para lhe enviar comunica\u00e7\u00f5es sobre os nossos produtos (not\u00edcias). Para as receber, assinale a caixa abaixo:\r\n        <span class=\"frm_required\" aria-hidden=\"true\"><\/span>\r\n    <\/div>\r\n    <div class=\"frm_opt_container\" aria-labelledby=\"field_c04k69_label\" role=\"group\">\t\t<div class=\"frm_checkbox\" id=\"frm_checkbox_144-0\">\t\t\t<label  for=\"field_c04k69-0\">\n\t\t\t<input type=\"checkbox\" name=\"item_meta[144][]\" id=\"field_c04k69-0\" value=\"Sim, gostaria de receber comunica\u00e7\u00f5es da Nextpool e das suas marcas associadas.\"  data-invmsg=\"A Nextpool recolhe estes dados a fim de responder ao seu pedido, em conformidade com a sua &lt;a href=&quot;http:\/\/www.nextpool.com\/pt-pt\/politica-de-privacidade\/&quot;&gt;pol\u00edtica de privacidade&lt;\/a&gt;. Gostar\u00edamos tamb\u00e9m de utilizar o seu endere\u00e7o eletr\u00f3nico para lhe enviar comunica\u00e7\u00f5es sobre os nossos produtos (not\u00edcias). Para as receber, assinale a caixa abaixo: is invalid\"   \/> Sim, gostaria de receber comunica\u00e7\u00f5es da Nextpool e das suas marcas associadas.<\/label><\/div>\n<\/div>\r\n    \r\n    \r\n<\/div>\n\t<input type=\"hidden\" name=\"item_key\" value=\"\" \/>\n\t\t\t<div id=\"frm_field_471_container\">\n\t\t\t<label for=\"field_nxswg\" >\n\t\t\t\tIf you are human, leave this field blank.\t\t\t<\/label>\n\t\t\t<input  id=\"field_nxswg\" type=\"text\" class=\"frm_form_field form-field frm_verify\" name=\"item_meta[471]\" value=\"\"  \/>\n\t\t<\/div>\n\t\t<input name=\"frm_state\" type=\"hidden\" value=\"VAmR8PBk\/PY9+jpljaAEcRNuoNW2v6Hb0n0xCpN38bSJCZS2\/aKhkXXki9qfep9qgaXE8\/RlMIrQShJIOaYn2k1oEaATtVbJFpmWZZno8Eg=\" \/><div class=\"frm_submit\">\r\n\r\n<button class=\"frm_button_submit frm_final_submit\" type=\"submit\"   formnovalidate=\"formnovalidate\">ENVIAR<\/button>\r\n\r\n\r\n<\/div><\/div>\n<\/fieldset>\n<\/div>\n\n<p style=\"display: none !important;\" class=\"akismet-fields-container\" data-prefix=\"ak_\"><label>&#916;<textarea name=\"ak_hp_textarea\" cols=\"45\" rows=\"8\" maxlength=\"100\"><\/textarea><\/label><input type=\"hidden\" id=\"ak_js_1\" name=\"ak_js\" value=\"15\"\/><script>document.getElementById( \"ak_js_1\" ).setAttribute( \"value\", ( new Date() ).getTime() );<\/script><\/p><\/form>\n<\/div>\n\n<\/div>[\/vc_column][\/vc_row]<\/p>\n<\/div>","protected":false},"excerpt":{"rendered":"<p>[vc_row full_width=&#8221;stretch_row&#8221; background_img=&#8221;735&#8243; el_id=&#8221;ban_inte&#8221;][vc_column][\/vc_column][\/vc_row][vc_row my=&#8221;perso&#8221; mt=&#8221;aucun&#8221;][vc_column][\/vc_column][\/vc_row]<\/p>\n","protected":false},"author":2,"featured_media":0,"parent":2056,"menu_order":0,"comment_status":"closed","ping_status":"closed","template":"","meta":{"_acf_changed":false,"footnotes":""},"class_list":["post-2159","page","type-page","status-publish","hentry"],"acf":[],"yoast_head":"<!-- This site is optimized with the Yoast SEO plugin v24.4 - https:\/\/yoast.com\/wordpress\/plugins\/seo\/ -->\n<title>Candidate-se online - Nextpool<\/title>\n<meta name=\"robots\" content=\"noindex, follow, max-snippet:-1, max-image-preview:large, max-video-preview:-1\" \/>\n<meta property=\"og:locale\" content=\"pt_PT\" \/>\n<meta property=\"og:type\" content=\"article\" \/>\n<meta property=\"og:title\" content=\"Candidate-se online - Nextpool\" \/>\n<meta property=\"og:description\" content=\"[vc_row full_width=&#8221;stretch_row&#8221; background_img=&#8221;735&#8243; el_id=&#8221;ban_inte&#8221;][vc_column][\/vc_column][\/vc_row][vc_row my=&#8221;perso&#8221; mt=&#8221;aucun&#8221;][vc_column][\/vc_column][\/vc_row]\" \/>\n<meta property=\"og:url\" content=\"https:\/\/ws2-test3.nextpool.com\/pt-pt\/junte-se-a-nos\/candidate-se-online\/\" \/>\n<meta property=\"og:site_name\" content=\"Nextpool\" \/>\n<meta property=\"article:publisher\" content=\"https:\/\/www.facebook.com\/Nextpool\/\" \/>\n<meta property=\"article:modified_time\" content=\"2022-10-05T13:26:17+00:00\" \/>\n<meta name=\"twitter:card\" content=\"summary_large_image\" \/>\n<meta name=\"twitter:label1\" content=\"Tempo estimado de leitura\" \/>\n\t<meta name=\"twitter:data1\" content=\"1 minuto\" \/>\n<script type=\"application\/ld+json\" class=\"yoast-schema-graph\">{\"@context\":\"https:\/\/schema.org\",\"@graph\":[{\"@type\":\"WebPage\",\"@id\":\"https:\/\/ws2-test3.nextpool.com\/pt-pt\/junte-se-a-nos\/candidate-se-online\/\",\"url\":\"https:\/\/ws2-test3.nextpool.com\/pt-pt\/junte-se-a-nos\/candidate-se-online\/\",\"name\":\"Candidate-se online - Nextpool\",\"isPartOf\":{\"@id\":\"https:\/\/ws2-test3.nextpool.com\/pt-pt\/#website\"},\"datePublished\":\"2022-09-05T12:25:42+00:00\",\"dateModified\":\"2022-10-05T13:26:17+00:00\",\"breadcrumb\":{\"@id\":\"https:\/\/ws2-test3.nextpool.com\/pt-pt\/junte-se-a-nos\/candidate-se-online\/#breadcrumb\"},\"inLanguage\":\"pt-PT\",\"potentialAction\":[{\"@type\":\"ReadAction\",\"target\":[\"https:\/\/ws2-test3.nextpool.com\/pt-pt\/junte-se-a-nos\/candidate-se-online\/\"]}]},{\"@type\":\"BreadcrumbList\",\"@id\":\"https:\/\/ws2-test3.nextpool.com\/pt-pt\/junte-se-a-nos\/candidate-se-online\/#breadcrumb\",\"itemListElement\":[{\"@type\":\"ListItem\",\"position\":1,\"name\":\"P\u00e1gina inicial\",\"item\":\"https:\/\/ws2-test3.nextpool.com\/pt-pt\/\"},{\"@type\":\"ListItem\",\"position\":2,\"name\":\"Junte-se a n\u00f3s\",\"item\":\"https:\/\/ws2-test3.nextpool.com\/pt-pt\/nous-rejoindre\/\"},{\"@type\":\"ListItem\",\"position\":3,\"name\":\"Candidate-se online\"}]},{\"@type\":\"WebSite\",\"@id\":\"https:\/\/ws2-test3.nextpool.com\/pt-pt\/#website\",\"url\":\"https:\/\/ws2-test3.nextpool.com\/pt-pt\/\",\"name\":\"Nextpool\",\"description\":\"Nextpool\",\"publisher\":{\"@id\":\"https:\/\/ws2-test3.nextpool.com\/pt-pt\/#organization\"},\"potentialAction\":[{\"@type\":\"SearchAction\",\"target\":{\"@type\":\"EntryPoint\",\"urlTemplate\":\"https:\/\/ws2-test3.nextpool.com\/pt-pt\/?s={search_term_string}\"},\"query-input\":{\"@type\":\"PropertyValueSpecification\",\"valueRequired\":true,\"valueName\":\"search_term_string\"}}],\"inLanguage\":\"pt-PT\"},{\"@type\":\"Organization\",\"@id\":\"https:\/\/ws2-test3.nextpool.com\/pt-pt\/#organization\",\"name\":\"Nextpool\",\"url\":\"https:\/\/ws2-test3.nextpool.com\/pt-pt\/\",\"logo\":{\"@type\":\"ImageObject\",\"inLanguage\":\"pt-PT\",\"@id\":\"https:\/\/ws2-test3.nextpool.com\/pt-pt\/#\/schema\/logo\/image\/\",\"url\":\"https:\/\/www.nextpool.com\/wp-content\/uploads\/2023\/10\/logo-nextpool-group-noir.png\",\"contentUrl\":\"https:\/\/www.nextpool.com\/wp-content\/uploads\/2023\/10\/logo-nextpool-group-noir.png\",\"width\":3505,\"height\":1191,\"caption\":\"Nextpool\"},\"image\":{\"@id\":\"https:\/\/ws2-test3.nextpool.com\/pt-pt\/#\/schema\/logo\/image\/\"},\"sameAs\":[\"https:\/\/www.facebook.com\/Nextpool\/\",\"https:\/\/www.linkedin.com\/company\/nextpool-group\"]}]}<\/script>\n<!-- \/ Yoast SEO plugin. -->","yoast_head_json":{"title":"Candidate-se online - Nextpool","robots":{"index":"noindex","follow":"follow","max-snippet":"max-snippet:-1","max-image-preview":"max-image-preview:large","max-video-preview":"max-video-preview:-1"},"og_locale":"pt_PT","og_type":"article","og_title":"Candidate-se online - Nextpool","og_description":"[vc_row full_width=&#8221;stretch_row&#8221; background_img=&#8221;735&#8243; el_id=&#8221;ban_inte&#8221;][vc_column][\/vc_column][\/vc_row][vc_row my=&#8221;perso&#8221; mt=&#8221;aucun&#8221;][vc_column][\/vc_column][\/vc_row]","og_url":"https:\/\/ws2-test3.nextpool.com\/pt-pt\/junte-se-a-nos\/candidate-se-online\/","og_site_name":"Nextpool","article_publisher":"https:\/\/www.facebook.com\/Nextpool\/","article_modified_time":"2022-10-05T13:26:17+00:00","twitter_card":"summary_large_image","twitter_misc":{"Tempo estimado de leitura":"1 minuto"},"schema":{"@context":"https:\/\/schema.org","@graph":[{"@type":"WebPage","@id":"https:\/\/ws2-test3.nextpool.com\/pt-pt\/junte-se-a-nos\/candidate-se-online\/","url":"https:\/\/ws2-test3.nextpool.com\/pt-pt\/junte-se-a-nos\/candidate-se-online\/","name":"Candidate-se online - Nextpool","isPartOf":{"@id":"https:\/\/ws2-test3.nextpool.com\/pt-pt\/#website"},"datePublished":"2022-09-05T12:25:42+00:00","dateModified":"2022-10-05T13:26:17+00:00","breadcrumb":{"@id":"https:\/\/ws2-test3.nextpool.com\/pt-pt\/junte-se-a-nos\/candidate-se-online\/#breadcrumb"},"inLanguage":"pt-PT","potentialAction":[{"@type":"ReadAction","target":["https:\/\/ws2-test3.nextpool.com\/pt-pt\/junte-se-a-nos\/candidate-se-online\/"]}]},{"@type":"BreadcrumbList","@id":"https:\/\/ws2-test3.nextpool.com\/pt-pt\/junte-se-a-nos\/candidate-se-online\/#breadcrumb","itemListElement":[{"@type":"ListItem","position":1,"name":"P\u00e1gina inicial","item":"https:\/\/ws2-test3.nextpool.com\/pt-pt\/"},{"@type":"ListItem","position":2,"name":"Junte-se a n\u00f3s","item":"https:\/\/ws2-test3.nextpool.com\/pt-pt\/nous-rejoindre\/"},{"@type":"ListItem","position":3,"name":"Candidate-se online"}]},{"@type":"WebSite","@id":"https:\/\/ws2-test3.nextpool.com\/pt-pt\/#website","url":"https:\/\/ws2-test3.nextpool.com\/pt-pt\/","name":"Nextpool","description":"Nextpool","publisher":{"@id":"https:\/\/ws2-test3.nextpool.com\/pt-pt\/#organization"},"potentialAction":[{"@type":"SearchAction","target":{"@type":"EntryPoint","urlTemplate":"https:\/\/ws2-test3.nextpool.com\/pt-pt\/?s={search_term_string}"},"query-input":{"@type":"PropertyValueSpecification","valueRequired":true,"valueName":"search_term_string"}}],"inLanguage":"pt-PT"},{"@type":"Organization","@id":"https:\/\/ws2-test3.nextpool.com\/pt-pt\/#organization","name":"Nextpool","url":"https:\/\/ws2-test3.nextpool.com\/pt-pt\/","logo":{"@type":"ImageObject","inLanguage":"pt-PT","@id":"https:\/\/ws2-test3.nextpool.com\/pt-pt\/#\/schema\/logo\/image\/","url":"https:\/\/www.nextpool.com\/wp-content\/uploads\/2023\/10\/logo-nextpool-group-noir.png","contentUrl":"https:\/\/www.nextpool.com\/wp-content\/uploads\/2023\/10\/logo-nextpool-group-noir.png","width":3505,"height":1191,"caption":"Nextpool"},"image":{"@id":"https:\/\/ws2-test3.nextpool.com\/pt-pt\/#\/schema\/logo\/image\/"},"sameAs":["https:\/\/www.facebook.com\/Nextpool\/","https:\/\/www.linkedin.com\/company\/nextpool-group"]}]}},"_links":{"self":[{"href":"https:\/\/ws2-test3.nextpool.com\/pt-pt\/wp-json\/wp\/v2\/pages\/2159","targetHints":{"allow":["GET"]}}],"collection":[{"href":"https:\/\/ws2-test3.nextpool.com\/pt-pt\/wp-json\/wp\/v2\/pages"}],"about":[{"href":"https:\/\/ws2-test3.nextpool.com\/pt-pt\/wp-json\/wp\/v2\/types\/page"}],"author":[{"embeddable":true,"href":"https:\/\/ws2-test3.nextpool.com\/pt-pt\/wp-json\/wp\/v2\/users\/2"}],"replies":[{"embeddable":true,"href":"https:\/\/ws2-test3.nextpool.com\/pt-pt\/wp-json\/wp\/v2\/comments?post=2159"}],"version-history":[{"count":3,"href":"https:\/\/ws2-test3.nextpool.com\/pt-pt\/wp-json\/wp\/v2\/pages\/2159\/revisions"}],"predecessor-version":[{"id":3131,"href":"https:\/\/ws2-test3.nextpool.com\/pt-pt\/wp-json\/wp\/v2\/pages\/2159\/revisions\/3131"}],"up":[{"embeddable":true,"href":"https:\/\/ws2-test3.nextpool.com\/pt-pt\/wp-json\/wp\/v2\/pages\/2056"}],"wp:attachment":[{"href":"https:\/\/ws2-test3.nextpool.com\/pt-pt\/wp-json\/wp\/v2\/media?parent=2159"}],"curies":[{"name":"wp","href":"https:\/\/api.w.org\/{rel}","templated":true}]}}