{"id":2196,"date":"2022-08-16T15:22:53","date_gmt":"2022-08-16T13:22:53","guid":{"rendered":"http:\/\/www.nextpool.com\/politica-rse\/"},"modified":"2024-08-27T11:53:01","modified_gmt":"2024-08-27T09:53:01","slug":"politica-rse","status":"publish","type":"page","link":"https:\/\/ws2-test3.nextpool.com\/pt-pt\/politica-rse\/","title":{"rendered":"Pol\u00edtica RSE"},"content":{"rendered":"<div class=\"wpb-content-wrapper\"><p>[vc_row full_width=&#8221;stretch_row&#8221; background_img=&#8221;823&#8243; el_id=&#8221;ban_inte&#8221;][vc_column]<div class=\"text-bloc\"><h1 class=\"titre_1_blanc\" style=\"text-align: center;\">A <span class=\"fw_bold\">Pol\u00edtica de RSE <\/span><\/h1>\n<\/div><div class=\"text-bloc breadcrumb\"><span><span><a href=\"https:\/\/ws2-test3.nextpool.com\/pt-pt\/\">P\u00e1gina inicial<\/a><\/span><\/span>\n<\/div>[\/vc_column][\/vc_row][vc_row][vc_column]<div class=\"text-bloc\"><h2 class=\"titre_2_color\" style=\"text-align: center;\"><span class=\"fw_bold\">Uma pol\u00edtica de RSE<\/span> no centro das nossas preocupa\u00e7\u00f5es<\/h2>\n<\/div><div class=\"text-bloc\"><p style=\"text-align: center;\">Uma abordagem RSE respons\u00e1vel e empenhada \u00e9 a promessa que a Nextpool fez a si pr\u00f3pria h\u00e1 j\u00e1 v\u00e1rios anos.<br \/>\nContinuamos a implementar a nossa estrat\u00e9gia para <span class=\"couleur_vertdeau\">nos tornarmos uma for\u00e7a motriz no nosso setor e para ter um impacto positivo no planeta<\/span>. Queremos contribuir para um mundo melhor, mais harmonioso, que respeite as pessoas e o ambiente.<br \/>\nAcreditamos que este \u00e9 um assunto de todos.<\/p>\n<\/div>[\/vc_column][\/vc_row][vc_row my=&#8221;perso&#8221; mb=&#8221;aucun&#8221; full_width=&#8221;stretch_row&#8221; el_class=&#8221;wave-after-gris&#8221;][vc_column]<div class=\"text-bloc mb_2\"><h2 class=\"titre_2_color\"><span class=\"fw_bold\">Pragmatismo e ambi\u00e7\u00e3o<\/span><\/h2>\n<\/div><div class=\"text-bloc mb_2\"><p>O Grupo Nextpool tem em conta as quest\u00f5es ambientais atuais no desenvolvimento da sua atividade, atrav\u00e9s de uma abordagem ambiental global que permite uma maior coer\u00eancia e efici\u00eancia nas a\u00e7\u00f5es empreendidas.<\/p>\n<p>H\u00e1 j\u00e1 v\u00e1rios anos que formalizamos os nossos compromissos na nossa carta de RSE.<\/p>\n<p>Pretendemos agir em total transpar\u00eancia com os nossos parceiros comerciais, de acordo com os nossos valores e compromissos declarados.<br \/>\nOs nossos colaboradores s\u00e3o a nossa riqueza, protegemos a sua sa\u00fade, garantimos a sua seguran\u00e7a, o desenvolvimento das suas compet\u00eancias e o seu bem-estar, promovendo um di\u00e1logo social aberto, e sensibilizando coletivamente todos para o impacto das nossas atividades sobre o ambiente.<\/p>\n<\/div><div class=\"text-bloc mb_2\"><h2 class=\"titre_2_color\"><span class=\"fw_bold\">Social<\/span><\/h2>\n<\/div>[vc_row_inner content_placement=&#8221;middle&#8221;][vc_column_inner width=&#8221;1\/2&#8243;]\n<div class=\"image-single-wrapper img_radius mb_1 text-center\">\n<img loading=\"lazy\" decoding=\"async\" width=\"600\" height=\"600\" src=\"https:\/\/ws2-test3.nextpool.com\/wp-content\/uploads\/2024\/08\/rse-valeur-nextpool-pt.jpg\" class=\"attachment-full size-full\" alt=\"\" srcset=\"https:\/\/ws2-test3.nextpool.com\/wp-content\/uploads\/2024\/08\/rse-valeur-nextpool-pt.jpg 600w, https:\/\/ws2-test3.nextpool.com\/wp-content\/uploads\/2024\/08\/rse-valeur-nextpool-pt-300x300.jpg 300w, https:\/\/ws2-test3.nextpool.com\/wp-content\/uploads\/2024\/08\/rse-valeur-nextpool-pt-150x150.jpg 150w\" sizes=\"auto, (max-width: 600px) 100vw, 600px\" \/>\n<\/div>\n\n<div class=\"text-bloc\"><p style=\"text-align: center;\">A nossa carta RSE permite-nos <strong>mobilizar em a\u00e7\u00f5es espec\u00edficas<\/strong> para preservar as nossas equipas, o nosso planeta e a sua biodiversidade.<\/p>\n<\/div>[\/vc_column_inner][vc_column_inner width=&#8221;1\/2&#8243;]<div class=\"text-bloc mb_1\"><p style=\"text-align: center;\">As nossas equipas gostam de se reunir todos os anos desde 2019 no \u00e2mbito do famoso festival \u201cTrail des Templiers\u201d, em Millau.<br \/>\nUm evento desportivo, amig\u00e1vel e solid\u00e1rio que <strong>re\u00fane mais de 150 participantes para a edi\u00e7\u00e3o de 2022<\/strong>.<\/p>\n<\/div>\n<div class=\"image-single-wrapper img_radius text-center\">\n<img loading=\"lazy\" decoding=\"async\" width=\"600\" height=\"600\" src=\"https:\/\/ws2-test3.nextpool.com\/wp-content\/uploads\/2022\/08\/equipe-nextpool-rse.jpg\" class=\"attachment-full size-full\" alt=\"\" srcset=\"https:\/\/ws2-test3.nextpool.com\/wp-content\/uploads\/2022\/08\/equipe-nextpool-rse.jpg 600w, https:\/\/ws2-test3.nextpool.com\/wp-content\/uploads\/2022\/08\/equipe-nextpool-rse-300x300.jpg 300w, https:\/\/ws2-test3.nextpool.com\/wp-content\/uploads\/2022\/08\/equipe-nextpool-rse-150x150.jpg 150w\" sizes=\"auto, (max-width: 600px) 100vw, 600px\" \/>\n<\/div>\n\n[\/vc_column_inner][\/vc_row_inner][\/vc_column][\/vc_row][vc_row py=&#8221;2&#8243; my=&#8221;perso&#8221; mt=&#8221;aucun&#8221; mb=&#8221;2&#8243; full_width=&#8221;stretch_row&#8221; el_class=&#8221;bg_grisC&#8221;][vc_column]<div class=\"text-bloc mb_2\"><h2 class=\"titre_2_color\"><span class=\"fw_bold couleur_vertdeau\">Ambiental<\/span><\/h2>\n<\/div><div class=\"text-bloc mb_2\"><p><span class=\"txt_MAJ\">NOS NOSSOS PROCESSOS DE FABRICO E COMERCIALIZA\u00c7\u00c3O, REALIZAMOS A\u00c7\u00d5ES CONCRETAS EM DIVERSAS \u00c1REAS.<\/span><\/p>\n<\/div>[vc_row_inner my=&#8221;2&#8243; el_class=&#8221;bloc_2col_environnement&#8221;][vc_column_inner width=&#8221;1\/4&#8243;]\n<div class=\"image-single-wrapper text-center\">\n<img loading=\"lazy\" decoding=\"async\" width=\"137\" height=\"137\" src=\"https:\/\/ws2-test3.nextpool.com\/wp-content\/uploads\/2022\/08\/picto-eco-conception.svg\" class=\"attachment-full size-full\" alt=\"\" srcset=\"https:\/\/ws2-test3.nextpool.com\/wp-content\/uploads\/2022\/08\/picto-eco-conception.svg 150w, https:\/\/ws2-test3.nextpool.com\/wp-content\/uploads\/2022\/08\/picto-eco-conception.svg 300w, https:\/\/ws2-test3.nextpool.com\/wp-content\/uploads\/2022\/08\/picto-eco-conception.svg 1024w, https:\/\/ws2-test3.nextpool.com\/wp-content\/uploads\/2022\/08\/picto-eco-conception.svg 1536w, https:\/\/ws2-test3.nextpool.com\/wp-content\/uploads\/2022\/08\/picto-eco-conception.svg 2048w, https:\/\/ws2-test3.nextpool.com\/wp-content\/uploads\/2022\/08\/picto-eco-conception.svg 137w\" sizes=\"auto, (max-width: 137px) 100vw, 137px\" \/>\n<\/div>\n\n<div class=\"text-bloc\"><p class=\"titre_4\" style=\"text-align: center;\"><span class=\"couleur_vertdeau\">Conce\u00e7\u00e3o ecol\u00f3gica<\/span><\/p>\n<\/div>[\/vc_column_inner][vc_column_inner width=&#8221;3\/4&#8243;]<div class=\"text-bloc\"><p><strong>Evolu\u00e7\u00e3o dos m\u00e9todos de investiga\u00e7\u00e3o e desenvolvimento<\/strong><br \/>\nAntes de lan\u00e7ar um novo produto no mercado, avaliamos o seu perfil ecol\u00f3gico durante a fase de pr\u00e9-projeto, a fim de otimizar o seu impacto ambiental ao longo do seu ciclo de vida.<br \/>\n<strong>Substitui\u00e7\u00e3o de componentes &#8220;poluentes&#8221;<\/strong> e materiais de origem n\u00e3o ecol\u00f3gica por componentes que sejam neutros para os utilizadores e n\u00e3o tenham impacto no ambiente.<br \/>\n<span class=\"couleur_vertdeau\">Exemplo<\/span>: somos os primeiros a comercializar uma gama de liners com um plastificante sem ftalatos.<br \/>\n<strong>Aumento do desempenho dos produtos<\/strong><br \/>\n<span class=\"couleur_vertdeau\">Exemplo<\/span>: concebemos um perfil de l\u00e2mina de cobertura que aumenta o isolamento t\u00e9rmico da piscina (reduzindo a necessidade de energia de aquecimento) e reduz a perda de \u00e1gua por evapora\u00e7\u00e3o.<br \/>\n<strong>Sobriedade dos produtos<\/strong><br \/>\nSelecionamos os componentes dos nossos produtos e melhoramos a sua defini\u00e7\u00e3o de modo a que sejam perfeitamente dimensionados para o seu prop\u00f3sito sem fun\u00e7\u00f5es sup\u00e9rfluas.<br \/>\n<strong>Melhoria das embalagens dos nossos produtos<\/strong><br \/>\n<span class=\"couleur_vertdeau\">Exemplo<\/span>: garantimos a utiliza\u00e7\u00e3o de material 100% reciclado para os nossos fornecimentos de cart\u00e3o.<\/p>\n<\/div>[\/vc_column_inner][\/vc_row_inner][vc_row_inner my=&#8221;2&#8243; el_class=&#8221;bloc_2col_environnement&#8221;][vc_column_inner width=&#8221;1\/4&#8243;]\n<div class=\"image-single-wrapper text-center\">\n<img loading=\"lazy\" decoding=\"async\" width=\"137\" height=\"137\" src=\"https:\/\/ws2-test3.nextpool.com\/wp-content\/uploads\/2022\/08\/picto-economie-circulaire.svg\" class=\"attachment-full size-full\" alt=\"\" srcset=\"https:\/\/ws2-test3.nextpool.com\/wp-content\/uploads\/2022\/08\/picto-economie-circulaire.svg 150w, https:\/\/ws2-test3.nextpool.com\/wp-content\/uploads\/2022\/08\/picto-economie-circulaire.svg 300w, https:\/\/ws2-test3.nextpool.com\/wp-content\/uploads\/2022\/08\/picto-economie-circulaire.svg 1024w, https:\/\/ws2-test3.nextpool.com\/wp-content\/uploads\/2022\/08\/picto-economie-circulaire.svg 1536w, https:\/\/ws2-test3.nextpool.com\/wp-content\/uploads\/2022\/08\/picto-economie-circulaire.svg 2048w, https:\/\/ws2-test3.nextpool.com\/wp-content\/uploads\/2022\/08\/picto-economie-circulaire.svg 137w\" sizes=\"auto, (max-width: 137px) 100vw, 137px\" \/>\n<\/div>\n\n<div class=\"text-bloc\"><p class=\"titre_4\" style=\"text-align: center;\"><span class=\"couleur_vertdeau\">Economia circular<\/span><\/p>\n<\/div>[\/vc_column_inner][vc_column_inner width=&#8221;3\/4&#8243;]<div class=\"text-bloc\"><p><strong>Reutiliza\u00e7\u00e3o dos nossos res\u00edduos na nossa produ\u00e7\u00e3o<\/strong><br \/>\n<span class=\"couleur_vertdeau\">Exemplo<\/span>: fabricamos um liner espec\u00edfico feito a partir de 30% de res\u00edduos de liners novos.<br \/>\n<strong>Aumento da quantidade de mat\u00e9ria-prima reciclada<\/strong> ou gerada de forma ecol\u00f3gica na mat\u00e9ria-prima utilizada Pedimos aos nossos fornecedores que nos forne\u00e7am alternativas aos componentes fabricados apenas a partir de mat\u00e9rias-primas virgens insustent\u00e1veis.<br \/>\n<strong>Organiza\u00e7\u00e3o de circuitos de recupera\u00e7\u00e3o de produtos em fim de vida <\/strong> no \u00e2mbito da Responsabilidade Alargada do Produtor (RAP).<br \/>\nTrabalhamos com especialistas em reciclagem que nos podem fornecer solu\u00e7\u00f5es de escoamento para os produtos usados.<\/p>\n<\/div>[\/vc_column_inner][\/vc_row_inner][vc_row_inner my=&#8221;2&#8243; el_class=&#8221;bloc_2col_environnement&#8221;][vc_column_inner width=&#8221;1\/4&#8243;]\n<div class=\"image-single-wrapper text-center\">\n<img loading=\"lazy\" decoding=\"async\" width=\"137\" height=\"137\" src=\"https:\/\/ws2-test3.nextpool.com\/wp-content\/uploads\/2022\/08\/picto-dechet.svg\" class=\"attachment-full size-full\" alt=\"\" srcset=\"https:\/\/ws2-test3.nextpool.com\/wp-content\/uploads\/2022\/08\/picto-dechet.svg 150w, https:\/\/ws2-test3.nextpool.com\/wp-content\/uploads\/2022\/08\/picto-dechet.svg 300w, https:\/\/ws2-test3.nextpool.com\/wp-content\/uploads\/2022\/08\/picto-dechet.svg 1024w, https:\/\/ws2-test3.nextpool.com\/wp-content\/uploads\/2022\/08\/picto-dechet.svg 1536w, https:\/\/ws2-test3.nextpool.com\/wp-content\/uploads\/2022\/08\/picto-dechet.svg 2048w, https:\/\/ws2-test3.nextpool.com\/wp-content\/uploads\/2022\/08\/picto-dechet.svg 137w\" sizes=\"auto, (max-width: 137px) 100vw, 137px\" \/>\n<\/div>\n\n<div class=\"text-bloc\"><p class=\"titre_4\" style=\"text-align: center;\"><span class=\"couleur_vertdeau\">Res\u00edduos:<br \/>\n<\/span><\/p>\n<p style=\"text-align: center;\"><span class=\"couleur_vertdeau\">redu\u00e7\u00e3o, triagem e luta contra os res\u00edduos circulares<\/span><\/p>\n<\/div>[\/vc_column_inner][vc_column_inner width=&#8221;3\/4&#8243;]<div class=\"text-bloc\"><p><strong>Redu\u00e7\u00e3o dos nossos res\u00edduos no local e luta contra o desperd\u00edcio<\/strong><br \/>\nReduzimos o peso dos nossos res\u00edduos em rela\u00e7\u00e3o ao nosso volume de neg\u00f3cios em 5% em compara\u00e7\u00e3o com o ano anterior.<br \/>\n<strong>Melhoria da triagem dos res\u00edduos para uma melhor reciclagem<\/strong><br \/>\n<span class=\"couleur_vertdeau\">Exemplo<\/span>: estamos a enfatizar a separa\u00e7\u00e3o de materiais e cores para uma melhor valoriza\u00e7\u00e3o.<br \/>\n<strong>Otimiza\u00e7\u00e3o das nossas compras e fabrico<\/strong> para limitar os res\u00edduos de produ\u00e7\u00e3o.<br \/>\nAdaptamos as dimens\u00f5es dos componentes \u00e0s novas dimens\u00f5es das piscinas a fim de limitar os res\u00edduos.<br \/>\nRedu\u00e7\u00e3o do consumo de papel.<br \/>\n<span class=\"couleur_vertdeau\">Exemplo<\/span>: desmaterializamos as faturas emitidas.<\/p>\n<\/div>[\/vc_column_inner][\/vc_row_inner][vc_row_inner my=&#8221;2&#8243; el_class=&#8221;bloc_2col_environnement&#8221;][vc_column_inner width=&#8221;1\/4&#8243;]\n<div class=\"image-single-wrapper text-center\">\n<img loading=\"lazy\" decoding=\"async\" width=\"138\" height=\"138\" src=\"https:\/\/ws2-test3.nextpool.com\/wp-content\/uploads\/2022\/09\/picto-empreinte-carbone.png\" class=\"attachment-full size-full\" alt=\"\" \/>\n<\/div>\n\n<div class=\"text-bloc\"><p class=\"titre_4\" style=\"text-align: center;\"><span class=\"couleur_vertdeau\">Pegada de carbono<\/span><\/p>\n<\/div>[\/vc_column_inner][vc_column_inner width=&#8221;3\/4&#8243;]<div class=\"text-bloc\"><p><strong>Controlo do consumo de energia nos nossos processos<\/strong><br \/>\nMonitorizamos e otimizamos o nosso consumo de energia em todas as nossas instala\u00e7\u00f5es em rela\u00e7\u00e3o \u00e0s nossas atividades.<br \/>\n<strong>Pegada de carbono do grupo<\/strong><br \/>\nA Nextpool encarregou uma empresa especializada de calcular a pegada de carbono do grupo, a fim de determinar as alavancas para a sua redu\u00e7\u00e3o.<br \/>\n<strong>Redu\u00e7\u00e3o da pegada de carbono no transporte dos nossos produtos<\/strong><br \/>\n<span class=\"couleur_vertdeau\">Exemplo<\/span>: entregamos as coberturas autom\u00e1ticas atrav\u00e9s de uma frota dedicada de cami\u00f5es, que otimiza as rotas e est\u00e1 equipada com empilhador a bordo para descarregar o produto em total autonomia.<br \/>\n<strong>Redu\u00e7\u00e3o da pegada de carbono dos nossos fornecimentos<\/strong><br \/>\nFavorecemos rela\u00e7\u00f5es com fornecedores locais, regionais e nacionais para servi\u00e7os equivalentes. Os nossos produtos s\u00e3o fabricados em Fran\u00e7a.<\/p>\n<\/div>[\/vc_column_inner][\/vc_row_inner][\/vc_column][\/vc_row]<\/p>\n<\/div>","protected":false},"excerpt":{"rendered":"<p>[vc_row full_width=&#8221;stretch_row&#8221; background_img=&#8221;823&#8243; el_id=&#8221;ban_inte&#8221;][vc_column][\/vc_column][\/vc_row][vc_row][vc_column][\/vc_column][\/vc_row][vc_row my=&#8221;perso&#8221; mb=&#8221;aucun&#8221; full_width=&#8221;stretch_row&#8221; el_class=&#8221;wave-after-gris&#8221;][vc_column][vc_row_inner content_placement=&#8221;middle&#8221;][vc_column_inner width=&#8221;1\/2&#8243;][\/vc_column_inner][vc_column_inner width=&#8221;1\/2&#8243;][\/vc_column_inner][\/vc_row_inner][\/vc_column][\/vc_row][vc_row py=&#8221;2&#8243; my=&#8221;perso&#8221; mt=&#8221;aucun&#8221; mb=&#8221;2&#8243; full_width=&#8221;stretch_row&#8221; el_class=&#8221;bg_grisC&#8221;][vc_column][vc_row_inner my=&#8221;2&#8243; el_class=&#8221;bloc_2col_environnement&#8221;][vc_column_inner width=&#8221;1\/4&#8243;][\/vc_column_inner][vc_column_inner width=&#8221;3\/4&#8243;][\/vc_column_inner][\/vc_row_inner][vc_row_inner my=&#8221;2&#8243; el_class=&#8221;bloc_2col_environnement&#8221;][vc_column_inner width=&#8221;1\/4&#8243;][\/vc_column_inner][vc_column_inner width=&#8221;3\/4&#8243;][\/vc_column_inner][\/vc_row_inner][vc_row_inner my=&#8221;2&#8243; el_class=&#8221;bloc_2col_environnement&#8221;][vc_column_inner width=&#8221;1\/4&#8243;][\/vc_column_inner][vc_column_inner width=&#8221;3\/4&#8243;][\/vc_column_inner][\/vc_row_inner][vc_row_inner my=&#8221;2&#8243; el_class=&#8221;bloc_2col_environnement&#8221;][vc_column_inner width=&#8221;1\/4&#8243;][\/vc_column_inner][vc_column_inner width=&#8221;3\/4&#8243;][\/vc_column_inner][\/vc_row_inner][\/vc_column][\/vc_row]<\/p>\n","protected":false},"author":2,"featured_media":0,"parent":0,"menu_order":0,"comment_status":"closed","ping_status":"closed","template":"","meta":{"_acf_changed":false,"footnotes":""},"class_list":["post-2196","page","type-page","status-publish","hentry"],"acf":[],"yoast_head":"<!-- This site is optimized with the Yoast SEO plugin v24.4 - https:\/\/yoast.com\/wordpress\/plugins\/seo\/ -->\n<title>Pol\u00edtica RSE - Nextpool<\/title>\n<meta name=\"robots\" content=\"noindex, follow, max-snippet:-1, max-image-preview:large, max-video-preview:-1\" \/>\n<meta property=\"og:locale\" content=\"pt_PT\" \/>\n<meta property=\"og:type\" content=\"article\" \/>\n<meta property=\"og:title\" content=\"Pol\u00edtica RSE - Nextpool\" \/>\n<meta property=\"og:description\" content=\"[vc_row full_width=&#8221;stretch_row&#8221; background_img=&#8221;823&#8243; el_id=&#8221;ban_inte&#8221;][vc_column][\/vc_column][\/vc_row][vc_row][vc_column][\/vc_column][\/vc_row][vc_row my=&#8221;perso&#8221; mb=&#8221;aucun&#8221; full_width=&#8221;stretch_row&#8221; el_class=&#8221;wave-after-gris&#8221;][vc_column][vc_row_inner content_placement=&#8221;middle&#8221;][vc_column_inner width=&#8221;1\/2&#8243;][\/vc_column_inner][vc_column_inner width=&#8221;1\/2&#8243;][\/vc_column_inner][\/vc_row_inner][\/vc_column][\/vc_row][vc_row py=&#8221;2&#8243; my=&#8221;perso&#8221; mt=&#8221;aucun&#8221; mb=&#8221;2&#8243; full_width=&#8221;stretch_row&#8221; el_class=&#8221;bg_grisC&#8221;][vc_column][vc_row_inner my=&#8221;2&#8243; el_class=&#8221;bloc_2col_environnement&#8221;][vc_column_inner width=&#8221;1\/4&#8243;][\/vc_column_inner][vc_column_inner width=&#8221;3\/4&#8243;][\/vc_column_inner][\/vc_row_inner][vc_row_inner my=&#8221;2&#8243; el_class=&#8221;bloc_2col_environnement&#8221;][vc_column_inner width=&#8221;1\/4&#8243;][\/vc_column_inner][vc_column_inner width=&#8221;3\/4&#8243;][\/vc_column_inner][\/vc_row_inner][vc_row_inner my=&#8221;2&#8243; el_class=&#8221;bloc_2col_environnement&#8221;][vc_column_inner width=&#8221;1\/4&#8243;][\/vc_column_inner][vc_column_inner width=&#8221;3\/4&#8243;][\/vc_column_inner][\/vc_row_inner][vc_row_inner my=&#8221;2&#8243; el_class=&#8221;bloc_2col_environnement&#8221;][vc_column_inner width=&#8221;1\/4&#8243;][\/vc_column_inner][vc_column_inner width=&#8221;3\/4&#8243;][\/vc_column_inner][\/vc_row_inner][\/vc_column][\/vc_row]\" \/>\n<meta property=\"og:url\" content=\"https:\/\/ws2-test3.nextpool.com\/pt-pt\/politica-rse\/\" \/>\n<meta property=\"og:site_name\" content=\"Nextpool\" \/>\n<meta property=\"article:publisher\" content=\"https:\/\/www.facebook.com\/Nextpool\/\" \/>\n<meta property=\"article:modified_time\" content=\"2024-08-27T09:53:01+00:00\" \/>\n<meta name=\"twitter:card\" content=\"summary_large_image\" \/>\n<meta name=\"twitter:label1\" content=\"Tempo estimado de leitura\" \/>\n\t<meta name=\"twitter:data1\" content=\"5 minutos\" \/>\n<script type=\"application\/ld+json\" class=\"yoast-schema-graph\">{\"@context\":\"https:\/\/schema.org\",\"@graph\":[{\"@type\":\"WebPage\",\"@id\":\"https:\/\/ws2-test3.nextpool.com\/pt-pt\/politica-rse\/\",\"url\":\"https:\/\/ws2-test3.nextpool.com\/pt-pt\/politica-rse\/\",\"name\":\"Pol\u00edtica RSE - Nextpool\",\"isPartOf\":{\"@id\":\"https:\/\/ws2-test3.nextpool.com\/pt-pt\/#website\"},\"datePublished\":\"2022-08-16T13:22:53+00:00\",\"dateModified\":\"2024-08-27T09:53:01+00:00\",\"breadcrumb\":{\"@id\":\"https:\/\/ws2-test3.nextpool.com\/pt-pt\/politica-rse\/#breadcrumb\"},\"inLanguage\":\"pt-PT\",\"potentialAction\":[{\"@type\":\"ReadAction\",\"target\":[\"https:\/\/ws2-test3.nextpool.com\/pt-pt\/politica-rse\/\"]}]},{\"@type\":\"BreadcrumbList\",\"@id\":\"https:\/\/ws2-test3.nextpool.com\/pt-pt\/politica-rse\/#breadcrumb\",\"itemListElement\":[{\"@type\":\"ListItem\",\"position\":1,\"name\":\"P\u00e1gina inicial\",\"item\":\"https:\/\/ws2-test3.nextpool.com\/pt-pt\/\"},{\"@type\":\"ListItem\",\"position\":2,\"name\":\"Pol\u00edtica RSE\"}]},{\"@type\":\"WebSite\",\"@id\":\"https:\/\/ws2-test3.nextpool.com\/pt-pt\/#website\",\"url\":\"https:\/\/ws2-test3.nextpool.com\/pt-pt\/\",\"name\":\"Nextpool\",\"description\":\"Nextpool\",\"publisher\":{\"@id\":\"https:\/\/ws2-test3.nextpool.com\/pt-pt\/#organization\"},\"potentialAction\":[{\"@type\":\"SearchAction\",\"target\":{\"@type\":\"EntryPoint\",\"urlTemplate\":\"https:\/\/ws2-test3.nextpool.com\/pt-pt\/?s={search_term_string}\"},\"query-input\":{\"@type\":\"PropertyValueSpecification\",\"valueRequired\":true,\"valueName\":\"search_term_string\"}}],\"inLanguage\":\"pt-PT\"},{\"@type\":\"Organization\",\"@id\":\"https:\/\/ws2-test3.nextpool.com\/pt-pt\/#organization\",\"name\":\"Nextpool\",\"url\":\"https:\/\/ws2-test3.nextpool.com\/pt-pt\/\",\"logo\":{\"@type\":\"ImageObject\",\"inLanguage\":\"pt-PT\",\"@id\":\"https:\/\/ws2-test3.nextpool.com\/pt-pt\/#\/schema\/logo\/image\/\",\"url\":\"https:\/\/www.nextpool.com\/wp-content\/uploads\/2023\/10\/logo-nextpool-group-noir.png\",\"contentUrl\":\"https:\/\/www.nextpool.com\/wp-content\/uploads\/2023\/10\/logo-nextpool-group-noir.png\",\"width\":3505,\"height\":1191,\"caption\":\"Nextpool\"},\"image\":{\"@id\":\"https:\/\/ws2-test3.nextpool.com\/pt-pt\/#\/schema\/logo\/image\/\"},\"sameAs\":[\"https:\/\/www.facebook.com\/Nextpool\/\",\"https:\/\/www.linkedin.com\/company\/nextpool-group\"]}]}<\/script>\n<!-- \/ Yoast SEO plugin. -->","yoast_head_json":{"title":"Pol\u00edtica RSE - Nextpool","robots":{"index":"noindex","follow":"follow","max-snippet":"max-snippet:-1","max-image-preview":"max-image-preview:large","max-video-preview":"max-video-preview:-1"},"og_locale":"pt_PT","og_type":"article","og_title":"Pol\u00edtica RSE - Nextpool","og_description":"[vc_row full_width=&#8221;stretch_row&#8221; background_img=&#8221;823&#8243; el_id=&#8221;ban_inte&#8221;][vc_column][\/vc_column][\/vc_row][vc_row][vc_column][\/vc_column][\/vc_row][vc_row my=&#8221;perso&#8221; mb=&#8221;aucun&#8221; full_width=&#8221;stretch_row&#8221; el_class=&#8221;wave-after-gris&#8221;][vc_column][vc_row_inner content_placement=&#8221;middle&#8221;][vc_column_inner width=&#8221;1\/2&#8243;][\/vc_column_inner][vc_column_inner width=&#8221;1\/2&#8243;][\/vc_column_inner][\/vc_row_inner][\/vc_column][\/vc_row][vc_row py=&#8221;2&#8243; my=&#8221;perso&#8221; mt=&#8221;aucun&#8221; mb=&#8221;2&#8243; full_width=&#8221;stretch_row&#8221; el_class=&#8221;bg_grisC&#8221;][vc_column][vc_row_inner my=&#8221;2&#8243; el_class=&#8221;bloc_2col_environnement&#8221;][vc_column_inner width=&#8221;1\/4&#8243;][\/vc_column_inner][vc_column_inner width=&#8221;3\/4&#8243;][\/vc_column_inner][\/vc_row_inner][vc_row_inner my=&#8221;2&#8243; el_class=&#8221;bloc_2col_environnement&#8221;][vc_column_inner width=&#8221;1\/4&#8243;][\/vc_column_inner][vc_column_inner width=&#8221;3\/4&#8243;][\/vc_column_inner][\/vc_row_inner][vc_row_inner my=&#8221;2&#8243; el_class=&#8221;bloc_2col_environnement&#8221;][vc_column_inner width=&#8221;1\/4&#8243;][\/vc_column_inner][vc_column_inner width=&#8221;3\/4&#8243;][\/vc_column_inner][\/vc_row_inner][vc_row_inner my=&#8221;2&#8243; el_class=&#8221;bloc_2col_environnement&#8221;][vc_column_inner width=&#8221;1\/4&#8243;][\/vc_column_inner][vc_column_inner width=&#8221;3\/4&#8243;][\/vc_column_inner][\/vc_row_inner][\/vc_column][\/vc_row]","og_url":"https:\/\/ws2-test3.nextpool.com\/pt-pt\/politica-rse\/","og_site_name":"Nextpool","article_publisher":"https:\/\/www.facebook.com\/Nextpool\/","article_modified_time":"2024-08-27T09:53:01+00:00","twitter_card":"summary_large_image","twitter_misc":{"Tempo estimado de leitura":"5 minutos"},"schema":{"@context":"https:\/\/schema.org","@graph":[{"@type":"WebPage","@id":"https:\/\/ws2-test3.nextpool.com\/pt-pt\/politica-rse\/","url":"https:\/\/ws2-test3.nextpool.com\/pt-pt\/politica-rse\/","name":"Pol\u00edtica RSE - Nextpool","isPartOf":{"@id":"https:\/\/ws2-test3.nextpool.com\/pt-pt\/#website"},"datePublished":"2022-08-16T13:22:53+00:00","dateModified":"2024-08-27T09:53:01+00:00","breadcrumb":{"@id":"https:\/\/ws2-test3.nextpool.com\/pt-pt\/politica-rse\/#breadcrumb"},"inLanguage":"pt-PT","potentialAction":[{"@type":"ReadAction","target":["https:\/\/ws2-test3.nextpool.com\/pt-pt\/politica-rse\/"]}]},{"@type":"BreadcrumbList","@id":"https:\/\/ws2-test3.nextpool.com\/pt-pt\/politica-rse\/#breadcrumb","itemListElement":[{"@type":"ListItem","position":1,"name":"P\u00e1gina inicial","item":"https:\/\/ws2-test3.nextpool.com\/pt-pt\/"},{"@type":"ListItem","position":2,"name":"Pol\u00edtica RSE"}]},{"@type":"WebSite","@id":"https:\/\/ws2-test3.nextpool.com\/pt-pt\/#website","url":"https:\/\/ws2-test3.nextpool.com\/pt-pt\/","name":"Nextpool","description":"Nextpool","publisher":{"@id":"https:\/\/ws2-test3.nextpool.com\/pt-pt\/#organization"},"potentialAction":[{"@type":"SearchAction","target":{"@type":"EntryPoint","urlTemplate":"https:\/\/ws2-test3.nextpool.com\/pt-pt\/?s={search_term_string}"},"query-input":{"@type":"PropertyValueSpecification","valueRequired":true,"valueName":"search_term_string"}}],"inLanguage":"pt-PT"},{"@type":"Organization","@id":"https:\/\/ws2-test3.nextpool.com\/pt-pt\/#organization","name":"Nextpool","url":"https:\/\/ws2-test3.nextpool.com\/pt-pt\/","logo":{"@type":"ImageObject","inLanguage":"pt-PT","@id":"https:\/\/ws2-test3.nextpool.com\/pt-pt\/#\/schema\/logo\/image\/","url":"https:\/\/www.nextpool.com\/wp-content\/uploads\/2023\/10\/logo-nextpool-group-noir.png","contentUrl":"https:\/\/www.nextpool.com\/wp-content\/uploads\/2023\/10\/logo-nextpool-group-noir.png","width":3505,"height":1191,"caption":"Nextpool"},"image":{"@id":"https:\/\/ws2-test3.nextpool.com\/pt-pt\/#\/schema\/logo\/image\/"},"sameAs":["https:\/\/www.facebook.com\/Nextpool\/","https:\/\/www.linkedin.com\/company\/nextpool-group"]}]}},"_links":{"self":[{"href":"https:\/\/ws2-test3.nextpool.com\/pt-pt\/wp-json\/wp\/v2\/pages\/2196","targetHints":{"allow":["GET"]}}],"collection":[{"href":"https:\/\/ws2-test3.nextpool.com\/pt-pt\/wp-json\/wp\/v2\/pages"}],"about":[{"href":"https:\/\/ws2-test3.nextpool.com\/pt-pt\/wp-json\/wp\/v2\/types\/page"}],"author":[{"embeddable":true,"href":"https:\/\/ws2-test3.nextpool.com\/pt-pt\/wp-json\/wp\/v2\/users\/2"}],"replies":[{"embeddable":true,"href":"https:\/\/ws2-test3.nextpool.com\/pt-pt\/wp-json\/wp\/v2\/comments?post=2196"}],"version-history":[{"count":6,"href":"https:\/\/ws2-test3.nextpool.com\/pt-pt\/wp-json\/wp\/v2\/pages\/2196\/revisions"}],"predecessor-version":[{"id":5961,"href":"https:\/\/ws2-test3.nextpool.com\/pt-pt\/wp-json\/wp\/v2\/pages\/2196\/revisions\/5961"}],"wp:attachment":[{"href":"https:\/\/ws2-test3.nextpool.com\/pt-pt\/wp-json\/wp\/v2\/media?parent=2196"}],"curies":[{"name":"wp","href":"https:\/\/api.w.org\/{rel}","templated":true}]}}